{"id":61,"date":"2013-07-25T08:14:39","date_gmt":"2013-07-25T08:14:39","guid":{"rendered":"http:\/\/users.ijclab.in2p3.fr\/jlucbabigeon\/?page_id=61"},"modified":"2024-03-14T15:59:28","modified_gmt":"2024-03-14T15:59:28","slug":"publis","status":"publish","type":"page","link":"https:\/\/users.ijclab.in2p3.fr\/jlucbabigeon\/publis\/","title":{"rendered":"Publis"},"content":{"rendered":"<h4 style=\"text-align: left\">*Modern Time Frequency Analysis (NuHag, Strobl\u00a0 2014) <em>Particle accelerators Control &amp; optimization problem for power sources<\/em><\/h4>\n<p>http:\/\/www.univie.ac.at\/nuhag-php\/event_NEW\/make.php?event=strobl14<\/p>\n<p>Poster : <a href=\"http:\/\/users.ijclab.in2p3.fr\/jlucbabigeon\/files\/2013\/07\/poster_strobl.pdf\">poster_strobl<\/a><\/p>\n<h4 style=\"text-align: left\">*42e Conference on Plasmas science ICOPS 2015 , Antalya<\/h4>\n<p><em>Field assisted DC-pulsed cathodes for next generations of light sources and accelerators<\/em><\/p>\n<p>Abstract :\u00a0\u00a0\u00a0\u00a0\u00a0 <a href=\"http:\/\/users.ijclab.in2p3.fr\/jlucbabigeon\/files\/2013\/07\/abstract_ICOPS-2015_jlbabigeon_Al.pdf\">abstract_ICOPS-2015_jlbabigeon_Al\u00a0\u00a0\u00a0 <\/a>Poster : <a href=\"http:\/\/users.ijclab.in2p3.fr\/jlucbabigeon\/files\/2013\/07\/poster_antalya.pdf\">poster_antalya<\/a><\/p>\n<h4 style=\"text-align: left\"><strong>*Journ\u00e9es acc\u00e9l\u00e9rateurs Roscoff 2015<\/strong> (First author Jean Noel Cayla)<\/h4>\n<div><em>Augmentation de fr\u00e9quence de l&rsquo;acc\u00e9l\u00e9rateur PHIL; Dimensionnement d&rsquo;\u00e9l\u00e9ments magn\u00e9tiques du modulateur<\/em><\/div>\n<p>Abstract : <a href=\"http:\/\/users.ijclab.in2p3.fr\/jlucbabigeon\/files\/2013\/07\/abstract_inductance_resonante1.pdf\">abstract_inductance_resonante\u00a0 <\/a>Poster : <a href=\"http:\/\/users.ijclab.in2p3.fr\/jlucbabigeon\/files\/2013\/07\/poster_roscoff_2015.pdf\">poster_roscoff_2015<\/a><\/p>\n<h4><strong>*Ecole \u00ab\u00a0Abinit Hand on tools\u00a0\u00bb au CEA Bruy\u00e8res le Chatel &#8211; janvier 2017<\/strong><\/h4>\n<p>Field emission photo-cathode array (FEA) and dielectric laser accelerator (DLA); design invlolving abinitio simulations<\/p>\n<p><a href=\"https:\/\/users.ijclab.in2p3.fr\/jlucbabigeon\/files\/2013\/07\/poster_abinit_2017.pdf\">https:\/\/users.ijclab.in2p3.fr\/jlucbabigeon\/files\/2013\/07\/poster_abinit_2017.pdf<\/a><\/p>\n<h4><strong>*Document scientifique d\u00e9pos\u00e9 pour l&rsquo;appel d&rsquo;offres Astrid\/ANR du 6 mars 2017, projet SWIT-SiC<br \/><\/strong><\/h4>\n<p><em>Recherche des param\u00e8tres physiques entrant dans la commutation haute tension subnanoseconde de diodes SiC; application \u00e0 l&rsquo;int\u00e9gration de diodes prototypes dans un g\u00e9n\u00e9rateur inductif de haute tension puls\u00e9e<\/em><\/p>\n<p><a href=\"https:\/\/users.ijclab.in2p3.fr\/jlucbabigeon\/files\/2013\/07\/Astrid_2017_jlb_ver01_03_2017_jlb.pdf\">https:\/\/users.ijclab.in2p3.fr\/jlucbabigeon\/files\/2013\/07\/Astrid_2017_jlb_ver01_03_2017_jlb.pdf<\/a><\/p>\n<h4><strong>*Journ\u00e9e des \u00e9lectrons libres 22 mars 2017, Universit\u00e9 Paris XI Orsay<\/strong><\/h4>\n<p>Femtosecond electron bunches between FEA photo-cathode and first stage of a DLA<\/p>\n<p>Poster : <a href=\"https:\/\/users.ijclab.in2p3.fr\/jlucbabigeon\/files\/2013\/07\/poster_emoins_mars2017.pdf\">https:\/\/users.ijclab.in2p3.fr\/jlucbabigeon\/files\/2013\/07\/poster_emoins_mars2017.pdf<\/a><\/p>\n<h4><strong>*Subrelativistic electron source for Dielectric Laser Acceleration<\/strong><\/h4>\n<p>https:\/\/arxiv.org\/abs\/1712.01630<\/p>\n<h4>*<strong>Development of an Astroparticles detector in frame of the neutrinos characterisation LiquidO,<\/strong><br \/>Review &#8211; 30 juin 2022<\/h4>\n<p><a href=\"https:\/\/users.ijclab.in2p3.fr\/jlucbabigeon\/files\/2022\/06\/review_liquidO_projet.pdf\">https:\/\/users.ijclab.in2p3.fr\/jlucbabigeon\/files\/2022\/06\/review_liquidO_projet.pdf<\/a><\/p>\n<h4><strong>*Hybrid E.M. modes inside a hollow metallic circular guide with dielectric coating, Vector Potential Method<\/strong><br \/>Application to photonics and THz acceleration of particles<br \/>8 septembre 2022<\/h4>\n<p><a href=\"https:\/\/users.ijclab.in2p3.fr\/jlucbabigeon\/files\/2022\/09\/nt10jlb.pdf\">https:\/\/users.ijclab.in2p3.fr\/jlucbabigeon\/files\/2022\/09\/nt10jlb.pdf<\/a><\/p>\n\n\n<p class=\"has-large-font-size\"><strong>*Some notes about optical pulse compression by solitonic effects in silicon photonics<\/strong><\/p>\n\n\n\n<p><strong>14 mars 2024<\/strong><\/p>\n\n\n\n<div class=\"wp-block-file\"><a id=\"wp-block-file--media-78014b6e-d496-42a0-bf07-55e65d717881\" href=\"https:\/\/users.ijclab.in2p3.fr\/jlucbabigeon\/files\/2024\/03\/solitonic.pdf\">solitonic<\/a><a href=\"https:\/\/users.ijclab.in2p3.fr\/jlucbabigeon\/files\/2024\/03\/solitonic.pdf\" class=\"wp-block-file__button wp-element-button\" download aria-describedby=\"wp-block-file--media-78014b6e-d496-42a0-bf07-55e65d717881\">T\u00e9l\u00e9charger<\/a><\/div>\n","protected":false},"excerpt":{"rendered":"<p>*Modern Time Frequency Analysis (NuHag, Strobl\u00a0 2014) Particle accelerators Control &amp; optimization problem for power sources http:\/\/www.univie.ac.at\/nuhag-php\/event_NEW\/make.php?event=strobl14 Poster : poster_strobl *42e Conference on Plasmas science ICOPS 2015 , Antalya Field assisted DC-pulsed cathodes for next generations of light sources and accelerators Abstract :\u00a0\u00a0\u00a0\u00a0\u00a0 abstract_ICOPS-2015_jlbabigeon_Al\u00a0\u00a0\u00a0 Poster : poster_antalya *Journ\u00e9es acc\u00e9l\u00e9rateurs Roscoff 2015 (First author Jean Noel &hellip; <\/p>\n<p><a class=\"more-link btn\" href=\"https:\/\/users.ijclab.in2p3.fr\/jlucbabigeon\/publis\/\">Lire la suite<\/a><\/p>\n","protected":false},"author":9,"featured_media":0,"parent":0,"menu_order":0,"comment_status":"closed","ping_status":"closed","template":"","meta":{"_acf_changed":false,"footnotes":""},"class_list":["post-61","page","type-page","status-publish","hentry","nodate","item-wrap"],"acf":[],"_links":{"self":[{"href":"https:\/\/users.ijclab.in2p3.fr\/jlucbabigeon\/wp-json\/wp\/v2\/pages\/61","targetHints":{"allow":["GET"]}}],"collection":[{"href":"https:\/\/users.ijclab.in2p3.fr\/jlucbabigeon\/wp-json\/wp\/v2\/pages"}],"about":[{"href":"https:\/\/users.ijclab.in2p3.fr\/jlucbabigeon\/wp-json\/wp\/v2\/types\/page"}],"author":[{"embeddable":true,"href":"https:\/\/users.ijclab.in2p3.fr\/jlucbabigeon\/wp-json\/wp\/v2\/users\/9"}],"replies":[{"embeddable":true,"href":"https:\/\/users.ijclab.in2p3.fr\/jlucbabigeon\/wp-json\/wp\/v2\/comments?post=61"}],"version-history":[{"count":35,"href":"https:\/\/users.ijclab.in2p3.fr\/jlucbabigeon\/wp-json\/wp\/v2\/pages\/61\/revisions"}],"predecessor-version":[{"id":342,"href":"https:\/\/users.ijclab.in2p3.fr\/jlucbabigeon\/wp-json\/wp\/v2\/pages\/61\/revisions\/342"}],"wp:attachment":[{"href":"https:\/\/users.ijclab.in2p3.fr\/jlucbabigeon\/wp-json\/wp\/v2\/media?parent=61"}],"curies":[{"name":"wp","href":"https:\/\/api.w.org\/{rel}","templated":true}]}}