{"id":188,"date":"2017-03-30T10:22:36","date_gmt":"2017-03-30T10:22:36","guid":{"rendered":"https:\/\/users.ijclab.in2p3.fr\/jlucbabigeon\/?page_id=188"},"modified":"2019-07-04T06:51:44","modified_gmt":"2019-07-04T06:51:44","slug":"power-rf-amplifier","status":"publish","type":"page","link":"https:\/\/users.ijclab.in2p3.fr\/jlucbabigeon\/realisations\/power-rf-amplifier\/","title":{"rendered":"Power RF amplifier"},"content":{"rendered":"<p>Nouvelle activit\u00e9 de d\u00e9veloppement impliquant un premier amplificateur 3GHz puls\u00e9 400W pour l&rsquo;acc\u00e9l\u00e9rateur PHIL<\/p>\n<p>Le premier \u00e9tage 150W a \u00e9t\u00e9 fabriqu\u00e9, notamment la carte RF dans 2 versions diff\u00e9rentes. L&rsquo;int\u00e9gration dans le coffret est termin\u00e9e. L&rsquo;\u00e9valuation de cet \u00e9tage est en cours.<\/p>\n<p>L&rsquo;\u00e9tude de l&rsquo;\u00e9tage final de puissance 400W est aussi en \u00e9tude, voir la rubrique du site<\/p>\n<p>\u00ab\u00a0note technique amplificateur\u00a0\u00bb<\/p>\n<p>Elle d\u00e9crit notamment la partie coupleurs qui figurera sur la carte puissance<\/p>\n","protected":false},"excerpt":{"rendered":"<p>Nouvelle activit\u00e9 de d\u00e9veloppement impliquant un premier amplificateur 3GHz puls\u00e9 400W pour l&rsquo;acc\u00e9l\u00e9rateur PHIL Le premier \u00e9tage 150W a \u00e9t\u00e9 fabriqu\u00e9, notamment la carte RF dans 2 versions diff\u00e9rentes. L&rsquo;int\u00e9gration dans le coffret est termin\u00e9e. L&rsquo;\u00e9valuation de cet \u00e9tage est en cours. L&rsquo;\u00e9tude de l&rsquo;\u00e9tage final de puissance 400W est aussi en \u00e9tude, voir la &hellip; <\/p>\n<p><a class=\"more-link btn\" href=\"https:\/\/users.ijclab.in2p3.fr\/jlucbabigeon\/realisations\/power-rf-amplifier\/\">Lire la suite<\/a><\/p>\n","protected":false},"author":9,"featured_media":0,"parent":6,"menu_order":0,"comment_status":"closed","ping_status":"closed","template":"","meta":{"_acf_changed":false,"footnotes":""},"class_list":["post-188","page","type-page","status-publish","hentry","nodate","item-wrap"],"acf":[],"_links":{"self":[{"href":"https:\/\/users.ijclab.in2p3.fr\/jlucbabigeon\/wp-json\/wp\/v2\/pages\/188","targetHints":{"allow":["GET"]}}],"collection":[{"href":"https:\/\/users.ijclab.in2p3.fr\/jlucbabigeon\/wp-json\/wp\/v2\/pages"}],"about":[{"href":"https:\/\/users.ijclab.in2p3.fr\/jlucbabigeon\/wp-json\/wp\/v2\/types\/page"}],"author":[{"embeddable":true,"href":"https:\/\/users.ijclab.in2p3.fr\/jlucbabigeon\/wp-json\/wp\/v2\/users\/9"}],"replies":[{"embeddable":true,"href":"https:\/\/users.ijclab.in2p3.fr\/jlucbabigeon\/wp-json\/wp\/v2\/comments?post=188"}],"version-history":[{"count":15,"href":"https:\/\/users.ijclab.in2p3.fr\/jlucbabigeon\/wp-json\/wp\/v2\/pages\/188\/revisions"}],"predecessor-version":[{"id":241,"href":"https:\/\/users.ijclab.in2p3.fr\/jlucbabigeon\/wp-json\/wp\/v2\/pages\/188\/revisions\/241"}],"up":[{"embeddable":true,"href":"https:\/\/users.ijclab.in2p3.fr\/jlucbabigeon\/wp-json\/wp\/v2\/pages\/6"}],"wp:attachment":[{"href":"https:\/\/users.ijclab.in2p3.fr\/jlucbabigeon\/wp-json\/wp\/v2\/media?parent=188"}],"curies":[{"name":"wp","href":"https:\/\/api.w.org\/{rel}","templated":true}]}}