{"id":13,"date":"2013-07-24T12:25:50","date_gmt":"2013-07-24T12:25:50","guid":{"rendered":"http:\/\/users.ijclab.in2p3.fr\/jlucbabigeon\/?page_id=13"},"modified":"2022-06-30T17:02:12","modified_gmt":"2022-06-30T17:02:12","slug":"presentation","status":"publish","type":"page","link":"https:\/\/users.ijclab.in2p3.fr\/jlucbabigeon\/","title":{"rendered":"Presentation"},"content":{"rendered":"<p><strong>L&rsquo;effort de d\u00e9veloppement est ax\u00e9 vers les formes d&rsquo;onde \u00e9lectriques rapides, sub-nanoseconde, et les projets futurs d&rsquo;acc\u00e9l\u00e9rateurs compacts \u00e0 tr\u00e8s haute fr\u00e9quence, notamment l&rsquo;acc\u00e9l\u00e9rateur in-chip utilisant des DLA (Dielectric Laser Accelerators)<\/strong><\/p>\n<p>Les \u00e9mittances tr\u00e8s faibles et les tailles sub microm\u00e9trique des faisceaux d&rsquo;\u00e9lectrons dans cette technologie, peuvent s&rsquo;obtenir par l&#8217;emploi de photo-cathodes \u00e0 FEA (Field Emitters Arrays). Dans le contexte de nouvelles sources d&rsquo;\u00e9lectrons, est envisag\u00e9 le mode Photo-Field o\u00f9 la photo-\u00e9mission assist\u00e9e par le champ, o\u00f9 on superpose au champ \u00e9lectrique de la cathode, l&rsquo;impulsion laser de photo\u00e9mission. Dans ce mode, le champ \u00e9lectrique permet de r\u00e9duire le travail d&rsquo;extraction (Work Function) ce qui autorise l&#8217;emploi de lasers dans la gamme proche infra rouge. Les paquets d&rsquo;\u00e9lectrons \u00e9mis sont des paquets courts femtoseconde, voire attoseconde dans certains mode d&rsquo;injection.<\/p>\n<p>Le d\u00e9veloppement de ces moyens implique aussi d&rsquo;autres \u00ab\u00a0petits\u00a0\u00bb projets en \u00e9lectronique (partie \u00ab\u00a0electronics\u00a0\u00bb) et des calculs et simulations de circuits et \u00e9lectromagn\u00e9tiques.<\/p>\n<p>Il implique aussi un effort de recherche de mat\u00e9riaux de photo-cathodes et de mod\u00e9lisation au niveau atomique, des couches de mat\u00e9riaux.<\/p>\n<p><strong>Depuis 2021, les \u00e9tudes et d\u00e9veloppements sont orient\u00e9s vers l&rsquo;optimisation technologique de d\u00e9tecteurs de particules<\/strong><\/p>\n<p>Free Software encouraged&#8230;<\/p>\n<p>JLuc<\/p>\n","protected":false},"excerpt":{"rendered":"<p>L&rsquo;effort de d\u00e9veloppement est ax\u00e9 vers les formes d&rsquo;onde \u00e9lectriques rapides, sub-nanoseconde, et les projets futurs d&rsquo;acc\u00e9l\u00e9rateurs compacts \u00e0 tr\u00e8s haute fr\u00e9quence, notamment l&rsquo;acc\u00e9l\u00e9rateur in-chip utilisant des DLA (Dielectric Laser Accelerators) Les \u00e9mittances tr\u00e8s faibles et les tailles sub microm\u00e9trique des faisceaux d&rsquo;\u00e9lectrons dans cette technologie, peuvent s&rsquo;obtenir par l&#8217;emploi de photo-cathodes \u00e0 FEA (Field &hellip; <\/p>\n<p><a class=\"more-link btn\" href=\"https:\/\/users.ijclab.in2p3.fr\/jlucbabigeon\/\">Lire la suite<\/a><\/p>\n","protected":false},"author":9,"featured_media":0,"parent":0,"menu_order":0,"comment_status":"closed","ping_status":"closed","template":"","meta":{"_acf_changed":false,"footnotes":""},"class_list":["post-13","page","type-page","status-publish","hentry","nodate","item-wrap"],"acf":[],"_links":{"self":[{"href":"https:\/\/users.ijclab.in2p3.fr\/jlucbabigeon\/wp-json\/wp\/v2\/pages\/13","targetHints":{"allow":["GET"]}}],"collection":[{"href":"https:\/\/users.ijclab.in2p3.fr\/jlucbabigeon\/wp-json\/wp\/v2\/pages"}],"about":[{"href":"https:\/\/users.ijclab.in2p3.fr\/jlucbabigeon\/wp-json\/wp\/v2\/types\/page"}],"author":[{"embeddable":true,"href":"https:\/\/users.ijclab.in2p3.fr\/jlucbabigeon\/wp-json\/wp\/v2\/users\/9"}],"replies":[{"embeddable":true,"href":"https:\/\/users.ijclab.in2p3.fr\/jlucbabigeon\/wp-json\/wp\/v2\/comments?post=13"}],"version-history":[{"count":11,"href":"https:\/\/users.ijclab.in2p3.fr\/jlucbabigeon\/wp-json\/wp\/v2\/pages\/13\/revisions"}],"predecessor-version":[{"id":325,"href":"https:\/\/users.ijclab.in2p3.fr\/jlucbabigeon\/wp-json\/wp\/v2\/pages\/13\/revisions\/325"}],"wp:attachment":[{"href":"https:\/\/users.ijclab.in2p3.fr\/jlucbabigeon\/wp-json\/wp\/v2\/media?parent=13"}],"curies":[{"name":"wp","href":"https:\/\/api.w.org\/{rel}","templated":true}]}}