{"id":302,"date":"2021-08-10T15:34:47","date_gmt":"2021-08-10T15:34:47","guid":{"rendered":"https:\/\/users.ijclab.in2p3.fr\/david-rousseau\/?page_id=302"},"modified":"2025-09-02T23:13:25","modified_gmt":"2025-09-02T21:13:25","slug":"students","status":"publish","type":"page","link":"https:\/\/users.ijclab.in2p3.fr\/david-rousseau\/en\/students\/","title":{"rendered":"Students"},"content":{"rendered":"\n<p>\u00a0<\/p>\n<p>I&#8217;ve been fortunate to supervise a few brilliant PhD students and many interns. I try to keep in touch with them with <a href=\"https:\/\/www.linkedin.com\/in\/david-rousseau-b47ba756\">LinkedIn<\/a> in particular.<\/p>\n<p>I have frequent openings for internships at undergrad level L3, M1 or gap year on the theme of AI and physics. Do not hesitate to contact me (the earlier, the better).<\/p>\n<p>Opening for PhD are less frequent and would be indicated here.\u00a0<\/p>\n<p><a href=\"https:\/\/www.theses.fr\/fr\/140465774\">List of all \u00a0French PhD<\/a> I have been involved in, writing, supervising or jury member in various roles.\u00a0<\/p>\n<p>My <a href=\"https:\/\/academictree.org\/physics\/tree.php?pid=917617\">academic tree<\/a> (with Ernest Rutherford, and Patrick Blackett (who has taught Oppenheimer) \u00a0!)<\/p>\n<h2>PhD student supervision<\/h2>\n<ul>\n<li>Zirui Liu 2024-<\/li>\n<li>Ragansu Chakkappai 2023-<\/li>\n<li>J\u00e9r\u00e9my Couthures 2022- (co-direction)<\/li>\n<li>Arnaud Maury 2020-2024, <a href=\"https:\/\/theses.hal.science\/tel-04975741\">thesis<\/a>, now project manager at DataIA, Universit\u00e9 Paris-Saclay<\/li>\n<li>Aishik Ghosh 2017-2020, <a href=\"https:\/\/tel.archives-ouvertes.fr\/tel-03324250\">thesis,<\/a> now associate professor at Georgia Tech<\/li>\n<li>Dimitris Varouchas 2007-2010, <a href=\"https:\/\/hal.archives-ouvertes.fr\/tel-00452166v1\">thesis<\/a>, now CNRS permanent researcher at IJCLab<\/li>\n<li>Matthieu Lechowski 2002-2005, <a href=\"https:\/\/hal.archives-ouvertes.fr\/tel-00010253v1\">thesis<\/a>, now a professional piano teacher (!) and <a href=\"http:\/\/www.cinecompo.com\">film music composer<\/a> (!)<\/li>\n<li>Ali Sadouki 1995-1998 (co-direction)<\/li>\n<\/ul>\n<h2>PhD student visitor<\/h2>\n<ul>\n<li>Jay Sandesara (University Massachusetts) 2021 on a Chateaubriand fellowship (from Ambassade de France in Washington)<\/li>\n<\/ul>\n<h2>Interns<\/h2>\n<p>(L3 is 3rd year of university, equivalent to Bachelor, M1 is master degree, all PhD students above have started with a M2 internship)<\/p>\n<ul>\n<li>Abdullah Al-Harrem, L3 Computer Science University An-Najah, Naplouse, Palestine, June-July 2025<\/li>\n<li>Zo\u00e9 Riche, L3 Universit\u00e9 de Montr\u00e9al, May-June 2025<\/li>\n<li>Guilhem Chapuis, L3 magist\u00e8re physique Orsay, June-July 2025<\/li>\n<li>Thomas Saltel, L3 magist\u00e8re physique Orsay, June-July 2025<\/li>\n<li>Maxime Soncin, ENS Ulm, July 2025<\/li>\n<li>Alexandre Michon, ENS Paris-Saclay, May-June 2024<\/li>\n<li>Alina Mayorga, M1 General Physics, Universit\u00e9 Paris-Saclay, April-Jul 2024<\/li>\n<li>R\u00e9my Lyscar, L3 magist\u00e8re physique Orsay, Feb-Apr 2024<\/li>\n<li>Mathis Reymond, M1 Computer Science, Universit\u00e9 Paris-Saclay, Mar-June 2023<\/li>\n<li>Rama Salahat, L3 Computer Science, University An-Nadjah, Naplouse, Palestine, Mar-Jul 2022<\/li>\n<li>Ragansu Chakkappai, M1 General Physics Universit\u00e9 Paris-Saclay, May-Jun 2022 now PhD at IJCLab<\/li>\n<li>Max Marly, M1 Physics, Universit\u00e9 de Paris, Oct-Dec 2021<\/li>\n<li>Zeidane Braik, L3 Mathematics, University An-Nadjah, Naplouse, Palestine, Jul-Aug 2021, now CS master student in UPSaclay<\/li>\n<li>Victor Struillou, ENS Paris-Saclay Apr-Jul 2021, now PhD at Ecole Polytechnique<\/li>\n<li><span style=\"font-size: inherit\">Jonathan Bequet, M1 magist\u00e8re physique Orsay May-Jul 2021, now in M2 NPAC-Orsay (particle physics undergrad study)<\/span><\/li>\n<li>Biswajit Biswas, M1 physics M1 Machine Learning, Birla Institute of Technology &amp; Science, Pilani, India , Sep-Dec 2019, now post-doc at Argonne, USA after a PhD at APC<\/li>\n<li>Afnan Shatat<span class=\"Apple-converted-space\">\u00a0 <\/span>M1 physics University An Nadjah, Naplouse, Palestine , May-Jun 2019, PhD on Alice at IJCLab<\/li>\n<li>J\u00e9r\u00e9my Couthures L3 physics Universit\u00e9 de Bordeaux, May-Jun 2019, now Particle Physics PhD at LAPP-Annecy<\/li>\n<li>F\u00e9lix Faisant L3 magist\u00e8re physique Orsay May-Jun 2018, PhD on quantum physics at Laboratoire Charles Fabry\u00a0<\/li>\n<li>Jose Antonio Mendez M1 General physics Orsay Mar-Jun 2018, PhD at LPSC Grenoble<\/li>\n<li>Theraa Tork M1 physics University An Nadjah, Naplouse, Palestine Mar-Jun 2018, PhD at IJCLab<\/li>\n<li>Nicolas Loizeau L3 magist\u00e8re physique Orsay May-June 2018, post-doc at Niels Bohr Institute, after an astronomy PhD at New-york University<\/li>\n<li>Tasmin Abdallah M1 physics University An Nadjah, Naplouse, Palestine March-June2018<\/li>\n<li>Paul Klein \u00a0gap year Supelec, March-July 2017, now project manager at Owkin<\/li>\n<li><span style=\"font-size: inherit\">Gautier Depambour gap year Centrale Sep 2016-Feb 2017, now epistemology post-doc Universit\u00e9 de Paris after PhD there<\/span><\/li>\n<li><span style=\"font-size: inherit\">Romain<\/span>\u00a0 <span style=\"font-size: inherit\">Bouquet L3 magist\u00e8re de physique, Sep-Oct 2016, now post-doc at Genoa after a particle physics PhD at LPNHE Jussieu<\/span><\/li>\n<li>Edouard Leicht M1 physique Orsay, March-July 2016, now Data Scientist in Groupe SII<\/li>\n<li>Xavier Pillet L3 magist\u00e8re physique Orsay, May-June 2016, now engineer at ColibrITD<\/li>\n<li><span style=\"font-size: inherit\">Arnaud Lorin L3 magist\u00e8re physique Orsay, mai-juin 2015<\/span><\/li>\n<li><span style=\"font-size: inherit\">Antony Lesage M1 magistere de physique Orsay, mars-juin 2015,\u00a0now post-doc at CNRS in physical chemistry after a PhD at Sorbonne Universit\u00e9<\/span><\/li>\n<li>Pierre Boutaud L3 magist\u00e8re de Math\u00e9matiques Orsay, mai-juin 2014, then PhD in Mathematics at Universit\u00e9 Paris Saclay<\/li>\n<li>Corentin Allaire L3 magist\u00e8re de physique Orsay, mai-juin 2014, now AI Research Engineer at IJClab after a PhD at IJCLab<\/li>\n<li>Dan Moinard L3 magist\u00e8re de physique Orsay, mai-juin 2013, now Quantitative Researcher at Squarepoint Capital, after a PhD at U Cambridge on photonics<\/li>\n<li>Stephane Zsoldos Phelma Grenoble 3eme ann\u00e9e, avril-juillet 2012, now post-doc at U Berkeley after a PhD at LPSC Grenoble<\/li>\n<li>Gerard Brandt M1 U Heidelberg, avril-juillet 2001, now post doc at University Wuppertal after a PhD at University Heidelberg<\/li>\n<li>Jean-Roch Vlimant L3 magist\u00e8re de physique Orsay, avril-juillet 2000, now staff at Caltech after a PhD at LPNHE Jussieu<\/li>\n<\/ul>\n<p>\u00a0<\/p>\n<h2>PhD defence committee<\/h2>\n<p>In addition to the students I supervised, I have participated to PhD defence committees (&#8220;jury&#8221;) as member, &#8220;rapporteur&#8221; or chair:\u00a0<\/p>\n<ul>\n<li>Jay Sandesara 2024, University Massachussetts, USA<\/li>\n<li>Etienne Russeil 2024, Universit\u00e9 de Clermont-Auvergne, France<\/li>\n<li>L\u00e9onard Imbert 2024, Nantes Universit\u00e9, France<\/li>\n<li>Micha\u00ebl Dell&#8217;aiera 2024, Universit\u00e9 de Savoie-Mont Blanc, France<\/li>\n<li>Guillaume Albouy 2024, Universit\u00e9 Grenoble-Alpes, France<\/li>\n<li>Polina Simkina 2023, Universit\u00e9 Paris-Saclay, France<\/li>\n<li>Marco Rossi 2023, Universit\u00e0 di Milano, Italy<\/li>\n<li>Alexandre Hakimi 2022, Institut Polytechnique de Paris, France<\/li>\n<li>Louis Vaslin 2022, Universit\u00e9 de Clermont Auvergne, France<\/li>\n<li>No\u00eblie Cherrier 2021, Universit\u00e9 Paris-Saclay, France<\/li>\n<li>Henry Day-Hall 2021, University of Southampton, UK\u00a0<\/li>\n<li>Mathieu Debongnie 2021, Universit\u00e9 de Grenoble-Alpes, France<\/li>\n<li>Lucas Torterotot 2021, Universit\u00e9 de Lyon, France<\/li>\n<li>Guillaume Bourgatte 2020, Universit\u00e9 de Strasbourg, France<\/li>\n<li>Joakim Gradin 2020, Universit\u00e9 Grenoble-Alpes, France<\/li>\n<li>Nikita Kazeev 2020, Sapienza Universit\u00e0 di Roma, Italie<\/li>\n<li>Mykola Khandoga 2020, Universit\u00e9 Paris-Saclay, France<\/li>\n<li>Florian Reiss 2020, Sorbonne Universit\u00e9, France<\/li>\n<li>Jonas Rembser 2020, Institut Polytechnique de Paris, France<\/li>\n<li>Xiyao Wang 2020, Universit\u00e9 Paris-Saclay, France<\/li>\n<li>Ziyu Guo 2019, Universit\u00e9 Aix-Marseille, France<\/li>\n<li>Fabricio Jimenez 2019, Universit\u00e9 de Clermont-Auvergne, France<\/li>\n<li>Marie Lanfermann 2019, Universit\u00e9 de Gen\u00e8ve, Suisse<\/li>\n<li>Luca Mastrolorenzo 2015, Ecole Polytechnique, France<\/li>\n<li>Pierre Schweitzer 2015, Universit\u00e9 de Clermont-Ferrand 2, France<\/li>\n<\/ul>\n<h2>HDR defence committee<\/h2>\n<ul>\n<li>Emille Ishida 2023, Universit\u00e9 de Clermont-Auvergne, France<\/li>\n<li>Colin Bernet 2017, Universit\u00e9 de Lyon, France<\/li>\n<li>Sabine Cr\u00e9p\u00e9-Renaudin 2012, Universit\u00e9 de Grenoble, France<\/li>\n<\/ul>\n","protected":false},"excerpt":{"rendered":"<p>\u00a0 I&#8217;ve been fortunate to supervise a few brilliant PhD students and many interns. I try to keep in touch with them with LinkedIn in particular. I have frequent openings for internships at undergrad level L3, M1 or gap year on the theme of AI and physics. Do not hesitate to contact me (the earlier, &hellip; <\/p>\n<p><a class=\"more-link btn\" href=\"https:\/\/users.ijclab.in2p3.fr\/david-rousseau\/en\/students\/\">Continue reading<\/a><\/p>\n","protected":false},"author":18,"featured_media":0,"parent":0,"menu_order":0,"comment_status":"closed","ping_status":"closed","template":"","meta":{"_acf_changed":false,"footnotes":""},"class_list":["post-302","page","type-page","status-publish","hentry","nodate","item-wrap"],"acf":[],"_links":{"self":[{"href":"https:\/\/users.ijclab.in2p3.fr\/david-rousseau\/wp-json\/wp\/v2\/pages\/302","targetHints":{"allow":["GET"]}}],"collection":[{"href":"https:\/\/users.ijclab.in2p3.fr\/david-rousseau\/wp-json\/wp\/v2\/pages"}],"about":[{"href":"https:\/\/users.ijclab.in2p3.fr\/david-rousseau\/wp-json\/wp\/v2\/types\/page"}],"author":[{"embeddable":true,"href":"https:\/\/users.ijclab.in2p3.fr\/david-rousseau\/wp-json\/wp\/v2\/users\/18"}],"replies":[{"embeddable":true,"href":"https:\/\/users.ijclab.in2p3.fr\/david-rousseau\/wp-json\/wp\/v2\/comments?post=302"}],"version-history":[{"count":37,"href":"https:\/\/users.ijclab.in2p3.fr\/david-rousseau\/wp-json\/wp\/v2\/pages\/302\/revisions"}],"predecessor-version":[{"id":684,"href":"https:\/\/users.ijclab.in2p3.fr\/david-rousseau\/wp-json\/wp\/v2\/pages\/302\/revisions\/684"}],"wp:attachment":[{"href":"https:\/\/users.ijclab.in2p3.fr\/david-rousseau\/wp-json\/wp\/v2\/media?parent=302"}],"curies":[{"name":"wp","href":"https:\/\/api.w.org\/{rel}","templated":true}]}}