{"id":299,"date":"2021-08-10T15:34:47","date_gmt":"2021-08-10T15:34:47","guid":{"rendered":"https:\/\/users.ijclab.in2p3.fr\/david-rousseau\/?page_id=299"},"modified":"2025-09-04T23:43:52","modified_gmt":"2025-09-04T21:43:52","slug":"outreach","status":"publish","type":"page","link":"https:\/\/users.ijclab.in2p3.fr\/david-rousseau\/en\/outreach\/","title":{"rendered":"Outreach"},"content":{"rendered":"\n\n\n<p>\u00a0<\/p>\n<h2>Outreach conferences<\/h2>\n<div class=\"page\" title=\"Page 8\">\n<div class=\"layoutArea\">\n<div class=\"column\">\n<div class=\"page\" title=\"Page 9\">\n<div class=\"layoutArea\">\n<div class=\"column\">\n<ul>\n<li>David Rousseau, &#8220;IA et physique des particules&#8221;, conf\u00e9rence &#8220;Etonnants infinis&#8221; March 2023, Universit\u00e9 Paris-Saclay<\/li>\n<li>David Rousseau &#8220;<span style=\"font-size: 14pt\"><strong>Artificial Intelligence and the LHC<\/strong><\/span>&#8220;, <a href=\"https:\/\/www.youtube.com\/watch?v=y711kfvqMTs\">ATLAS Live on YouTube conference,<\/a> 31st March 2022<\/li>\n<li>David Rousseau \u201d<strong><span style=\"font-size: 14pt\">L\u2019Intelligence Artificielle \u00e0 la rescousse du boson de Higg<\/span><\/strong>s\u201d, Coll\u00e8ge Lyc\u00e9e LFA \u00e0 Buc mars 2018, \u00a0Konference ENS Paris Saclay mars 2018, Colloque Scientifique Centrale Supelec avril 2018 (<a href=\"https:\/\/www.youtube.com\/watch?v=cFNUwX0dPQw\">short version on youtube<\/a>)<\/li>\n<li><span style=\"font-size: inherit\">David Rousseau, \u201dLe boson de Higgs : pourquoi, comment, et maintenant?\u201d avril 2013 au lyc\u00e9e Jean Mac\u00e9 \u00e0 Niort, avril 2013 au lyc\u00e9e Notre Dame \u00e0 Niort, avril 2013 au Lyons Club doyen \u00e0 Niort, juillet 2013 \u0301Ecole Doctorale MIPEGE \u00e0 Orsay, octobre 2013, octobre 2014 et octobre 2015 pour le stage des professeurs de lyc\u00e9e fran\u00e7ais au CERN, d\u00e9cembre 2014 lyc\u00e9e Hoche \u00e0 Versailles, janvier 2015 stage des professeurs de lyc\u00e9e de la r\u00e9gion parisienne \u00e0 Orsay.<\/span><\/li>\n<\/ul>\n<h2>Documents<\/h2>\n<ul>\n<li>David Rousseau, &#8220;<strong><span style=\"font-size: 14pt\">Mon assistant est un algorithme : l\u2019intelligence artificielle au secours des physiciens<\/span><\/strong>&#8220;, chapitre de <a href=\"https:\/\/www.cnrseditions.fr\/catalogue\/physique-et-astrophysique\/etonnants-infinis\/\">&#8220;Etonnants infinis&#8221;<\/a>, livre \u00e9dit\u00e9 par CNRS-Editions \u00e0 l&#8217;occasion du cinquantenaire de l&#8217;IN2P3 (2022)<\/li>\n<li>Interview for \u00a0<a href=\"http:\/\/gautierdepambour.fr\/une-journee-au-cern\/\">&#8220;Une journ\u00e9e au CERN&#8221; Gautier Depambour<\/a>\u00a0(auto \u00e9dit\u00e9) ISBN 9782956567301 (2018), now translated in English &#8220;<a href=\"https:\/\/www.worldscientific.com\/worldscibooks\/10.1142\/11839#t=aboutBook\">A day at CERN<\/a>&#8221; Gautier Depambour, World Scientific (2020)\u00a0<\/li>\n<li><span style=\"font-size: inherit\">David Rousseau, \u201cDes donn\u00e9es brutes au boson de Higgs\u201d, 7 minutes piece for the \u00a0MOOC \u201dDes particules aux \u0301etoiles\u201d of Ecole Doctorale PHENIICS, novembre 2015 &#8211; janvier 2016, sur la plateforme FUN- MOOC<\/span><\/li>\n<li><span style=\"font-size: inherit\">David Rousseau, \u201c<span style=\"font-size: 14pt\"><strong>Le boson de Higgs sur la grille<\/strong><\/span>\u201d, <a href=\"https:\/\/www.pourlascience.fr\/sd\/physique\/le-boson-de-higgs-sur-la-grille-8134.php\">Dossier Pour La Science, N 85 &#8211; octobre &#8211; d\u00e9cembre 2014 \u201dO\u00f9 va la physique ?&#8221;<\/a><\/span><\/li>\n<li>Fr\u00e9d\u00e9ric Hemmer et David Rousseau, \u201dLa recherche scientifique fondamentale\u201d, dans \u201dBig, Fast et Open Data\u201d, sous la direction de Yannick Lejeune, 2014, \u0301editions FYP<\/li>\n<\/ul>\n<h2>Fragments<\/h2>\n<\/div>\n<\/div>\n<\/div>\n<ul>\n<li>David Rousseau, interview utilis\u00e9 par C\u00e9cile Blaize, <a href=\"https:\/\/www.60millions-mag.com\/2024\/03\/07\/chatgpt-est-il-un-top-chef-nous-l-avons-teste-22710\">&#8220;ChatGPT est-il un Top Chef ? Nous l\u2019avons test\u00e9&#8221;<\/a>, 60 millions de consommateurs (!) , num\u00e9ro sp\u00e9cial Sant\u00e9 bien-\u00eatre, (acces payant), mars 2024\u00a0<\/li>\n<li>David Rousseau, interview utilis\u00e9 par Guillemette Faure, &#8220;<a href=\"https:\/\/www.lemonde.fr\/m-perso\/article\/2023\/10\/07\/chatgpt-qu-est-ce-qu-on-fait-a-diner-ce-soir_6193013_4497916.html\">ChatGPT qu&#8217;est ce qu&#8217;on fait \u00e0 d\u00eener ce soir ?<\/a>&#8220;, Le Monde, 7 octobre 2023<\/li>\n<li>David Rousseau, interview utilis\u00e9 par David Larousserie, <a href=\"https:\/\/www.lemonde.fr\/sciences\/article\/2022\/10\/24\/l-intelligence-artificielle-nouveau-moteur-de-la-recherche-scientifique_6147154_1650684.html\">&#8220;<span style=\"font-size: 14pt\"><strong>L\u2019intelligence artificielle, nouveau moteur de la recherche scientifique<\/strong><\/span>&#8220;<\/a>, Le Monde (acces payant), Science et medecine du 26 octobre 2022<\/li>\n<\/ul>\n<\/div>\n<h2>International Master Classes<\/h2>\n<ul>\n<li>since 2014, I&#8217;ve helped organise <a href=\"https:\/\/physicsmasterclasses.org\">International Master Classes<\/a> where high school students spend a full day at IJCLab, attend various conferences, visit ACO our unique old accelerators from the sixties, analyse data on computers and finally participate to a videoconference with CERN and a handful of other high schools in Europe. If interested contact contactmasterclass AT ijclab DOT in2p3 DOT fr.<\/li>\n<\/ul>\n<div class=\"column\">\n<p>\u00a0<\/p>\n<\/div>\n<\/div>\n<\/div>\n","protected":false},"excerpt":{"rendered":"<p>\u00a0 Outreach conferences David Rousseau, &#8220;IA et physique des particules&#8221;, conf\u00e9rence &#8220;Etonnants infinis&#8221; March 2023, Universit\u00e9 Paris-Saclay David Rousseau &#8220;Artificial Intelligence and the LHC&#8220;, ATLAS Live on YouTube conference, 31st March 2022 David Rousseau \u201dL\u2019Intelligence Artificielle \u00e0 la rescousse du boson de Higgs\u201d, Coll\u00e8ge Lyc\u00e9e LFA \u00e0 Buc mars 2018, \u00a0Konference ENS Paris Saclay mars &hellip; <\/p>\n<p><a class=\"more-link btn\" href=\"https:\/\/users.ijclab.in2p3.fr\/david-rousseau\/en\/outreach\/\">Continue reading<\/a><\/p>\n","protected":false},"author":18,"featured_media":0,"parent":0,"menu_order":0,"comment_status":"closed","ping_status":"closed","template":"","meta":{"_acf_changed":false,"footnotes":""},"class_list":["post-299","page","type-page","status-publish","hentry","nodate","item-wrap"],"acf":[],"_links":{"self":[{"href":"https:\/\/users.ijclab.in2p3.fr\/david-rousseau\/wp-json\/wp\/v2\/pages\/299","targetHints":{"allow":["GET"]}}],"collection":[{"href":"https:\/\/users.ijclab.in2p3.fr\/david-rousseau\/wp-json\/wp\/v2\/pages"}],"about":[{"href":"https:\/\/users.ijclab.in2p3.fr\/david-rousseau\/wp-json\/wp\/v2\/types\/page"}],"author":[{"embeddable":true,"href":"https:\/\/users.ijclab.in2p3.fr\/david-rousseau\/wp-json\/wp\/v2\/users\/18"}],"replies":[{"embeddable":true,"href":"https:\/\/users.ijclab.in2p3.fr\/david-rousseau\/wp-json\/wp\/v2\/comments?post=299"}],"version-history":[{"count":18,"href":"https:\/\/users.ijclab.in2p3.fr\/david-rousseau\/wp-json\/wp\/v2\/pages\/299\/revisions"}],"predecessor-version":[{"id":688,"href":"https:\/\/users.ijclab.in2p3.fr\/david-rousseau\/wp-json\/wp\/v2\/pages\/299\/revisions\/688"}],"wp:attachment":[{"href":"https:\/\/users.ijclab.in2p3.fr\/david-rousseau\/wp-json\/wp\/v2\/media?parent=299"}],"curies":[{"name":"wp","href":"https:\/\/api.w.org\/{rel}","templated":true}]}}