{"id":273,"date":"2021-04-19T14:37:52","date_gmt":"2021-04-19T14:37:52","guid":{"rendered":"https:\/\/users.ijclab.in2p3.fr\/david-lunney\/?page_id=273"},"modified":"2021-04-19T14:38:40","modified_gmt":"2021-04-19T14:38:40","slug":"home","status":"publish","type":"page","link":"https:\/\/users.ijclab.in2p3.fr\/david-lunney\/en\/home\/","title":{"rendered":"Home"},"content":{"rendered":"\n<p>A vous de raconter votre histoire, vos activit\u00e9s et travaux de recherche, votre parcours.<\/p>\n<p><strong>A propos de cette page<\/strong><\/p>\n<p>Vous pouvez commencer ici \u00e0 \u00e9crire.<\/p>\n<p>Cette page se nomme : La page d&#8217;accueil de mon site!<\/p>\n<p>Pages &gt; Toutes les pages &gt; s\u00e9lectionner &gt; modifier la page<\/p>\n<p>ou<\/p>\n<p>Barre du haut &gt; modifier la page<\/p>\n<p><span style=\"color: #ff0000;\">N&#8217;oubliez pas de d\u00e9cider si vous faites un site en 1 langue ou 2 au d\u00e9part!<\/span><\/p>\n<p>L&#8217;affichage cette page :<\/p>\n<p>Elle est composer sous le bandeau :<\/p>\n<ul>\n<li>D&#8217;un Diaporama qui reprend vos articles (param\u00e9trable)<\/li>\n<li>Du corps de la page comme pages d&#8217;accueil<\/li>\n<li>Des derniers articles r\u00e9dig\u00e9s<\/li>\n<\/ul>\n<p><strong>Pour supprimer le Diaporama en haut de page :<\/strong><\/p>\n<p>Apparence &gt; Personnaliser &gt; Mod\u00e8le de site personnel IJCLab &gt; Graph\u00e8ne g\u00e9n\u00e9ral &gt; Diaporama &gt; d\u00e9sactiver le diaporama <br>Essayez les diff\u00e9rents param\u00e8tres<\/p>\n<p><strong>Pour supprimer l&#8217;affichage des Articles ci-dessous :<\/strong><\/p>\n<p>Apparence &gt; Personnaliser &gt; Mod\u00e8le de site personnel IJCLab &gt; Graph\u00e8ne g\u00e9n\u00e9ral &gt; Home Page Panes &gt; D\u00e9sactiver les panneaux de la page d&#8217;accueil <\/p>\n","protected":false},"excerpt":{"rendered":"<p>A vous de raconter votre histoire, vos activit\u00e9s et travaux de recherche, votre parcours. A propos de cette page Vous pouvez commencer ici \u00e0 \u00e9crire. Cette page se nomme : La page d&#8217;accueil de mon site! Pages &gt; Toutes les pages &gt; s\u00e9lectionner &gt; modifier la page ou Barre du haut &gt; modifier la page &hellip; <\/p>\n<p><a class=\"more-link btn\" href=\"https:\/\/users.ijclab.in2p3.fr\/david-lunney\/en\/home\/\">Continue reading<\/a><\/p>\n","protected":false},"author":22,"featured_media":0,"parent":0,"menu_order":0,"comment_status":"closed","ping_status":"closed","template":"","meta":{"_acf_changed":false,"footnotes":""},"class_list":["post-273","page","type-page","status-publish","hentry","nodate","item-wrap"],"acf":[],"_links":{"self":[{"href":"https:\/\/users.ijclab.in2p3.fr\/david-lunney\/wp-json\/wp\/v2\/pages\/273","targetHints":{"allow":["GET"]}}],"collection":[{"href":"https:\/\/users.ijclab.in2p3.fr\/david-lunney\/wp-json\/wp\/v2\/pages"}],"about":[{"href":"https:\/\/users.ijclab.in2p3.fr\/david-lunney\/wp-json\/wp\/v2\/types\/page"}],"author":[{"embeddable":true,"href":"https:\/\/users.ijclab.in2p3.fr\/david-lunney\/wp-json\/wp\/v2\/users\/22"}],"replies":[{"embeddable":true,"href":"https:\/\/users.ijclab.in2p3.fr\/david-lunney\/wp-json\/wp\/v2\/comments?post=273"}],"version-history":[{"count":2,"href":"https:\/\/users.ijclab.in2p3.fr\/david-lunney\/wp-json\/wp\/v2\/pages\/273\/revisions"}],"predecessor-version":[{"id":275,"href":"https:\/\/users.ijclab.in2p3.fr\/david-lunney\/wp-json\/wp\/v2\/pages\/273\/revisions\/275"}],"wp:attachment":[{"href":"https:\/\/users.ijclab.in2p3.fr\/david-lunney\/wp-json\/wp\/v2\/media?parent=273"}],"curies":[{"name":"wp","href":"https:\/\/api.w.org\/{rel}","templated":true}]}}