{"id":594,"date":"2024-09-22T14:25:54","date_gmt":"2024-09-22T13:25:54","guid":{"rendered":"https:\/\/users.ijclab.in2p3.fr\/claire-marrache\/?page_id=594"},"modified":"2024-10-21T21:30:26","modified_gmt":"2024-10-21T20:30:26","slug":"m1-magistere-de-physique-fondamentale-physique-statistique-quantique","status":"publish","type":"page","link":"https:\/\/users.ijclab.in2p3.fr\/claire-marrache\/fr\/page2-2\/m1-magistere-de-physique-fondamentale-physique-statistique-quantique\/","title":{"rendered":"M1 &#8211; Magist\u00e8re de Physique Fondamentale &#8211; Physique Statistique Quantique"},"content":{"rendered":"\n<h2>Compl\u00e9ment de TD :<\/h2>\n<ul>\n<li><a href=\"https:\/\/users.ijclab.in2p3.fr\/claire-marrache\/files\/2024\/09\/Seance_2_presentation.pdf\">TD1 &#8211; s\u00e9ance 2<\/a>\n<ul>\n<li style=\"text-align: left\">Video des travaux sur le diagmagn\u00e9tisme d&rsquo;Andre Geim : <a href=\"https:\/\/www.youtube.com\/watch?v=KlJsVqc0ywM\">video<\/a><\/li>\n<li>Video de la pr\u00e9sentation de Pablo Jarillo-Herrero sur le twisted bilayer graphene : <a href=\"https:\/\/www.youtube.com\/watch?v=O2HVCjhuJlE\">video<\/a><\/li>\n<\/ul>\n<\/li>\n<li><a href=\"https:\/\/users.ijclab.in2p3.fr\/claire-marrache\/files\/2024\/09\/Seance_3_presentation.pdf\">TD2 &#8211; s\u00e9ance 3<\/a>\n<ul>\n<li>Article du New York Times (4 sept. 2023) sur la d\u00e9couverte du CMB : <a href=\"https:\/\/www.dropbox.com\/scl\/fi\/t8pmyg0qcz50arzd902vs\/CMB-Back-to-New-Jersey-Where-the-Universe-Began-The-New-York-Times.pdf?rlkey=p9l5tjmkx1kzn2kc3bclclrd6&amp;st=aosbdn5i&amp;dl=0\">pdf<\/a><\/li>\n<\/ul>\n<\/li>\n<li><a href=\"https:\/\/users.ijclab.in2p3.fr\/claire-marrache\/files\/2024\/09\/Seance_4_presentation.pdf\">TD2 et d\u00e9but TD3 &#8211; s\u00e9ance 4<\/a><\/li>\n<li><a href=\"https:\/\/users.ijclab.in2p3.fr\/claire-marrache\/files\/2024\/10\/Fin_TD_boson.pdf\">Fin du TD3<\/a> sur les bosons.<\/li>\n<li><a href=\"https:\/\/users.ijclab.in2p3.fr\/claire-marrache\/files\/2024\/10\/TD3_Semicon_Tfini.pdf\">Fin du TD4<\/a> sur les fermions.<\/li>\n<\/ul>\n<p>\u00a0<\/p>\n\n\n\n\n","protected":false},"excerpt":{"rendered":"<p>Compl\u00e9ment de TD : TD1 &#8211; s\u00e9ance 2 Video des travaux sur le diagmagn\u00e9tisme d&rsquo;Andre Geim : video Video de la pr\u00e9sentation de Pablo Jarillo-Herrero sur le twisted bilayer graphene : video TD2 &#8211; s\u00e9ance 3 Article du New York &hellip; <a href=\"https:\/\/users.ijclab.in2p3.fr\/claire-marrache\/fr\/page2-2\/m1-magistere-de-physique-fondamentale-physique-statistique-quantique\/\">Continuer la lecture <span class=\"meta-nav\">&rarr;<\/span><\/a><\/p>\n","protected":false},"author":30,"featured_media":0,"parent":202,"menu_order":0,"comment_status":"closed","ping_status":"closed","template":"","meta":{"_acf_changed":false,"footnotes":""},"class_list":["post-594","page","type-page","status-publish","hentry"],"acf":[],"_links":{"self":[{"href":"https:\/\/users.ijclab.in2p3.fr\/claire-marrache\/wp-json\/wp\/v2\/pages\/594","targetHints":{"allow":["GET"]}}],"collection":[{"href":"https:\/\/users.ijclab.in2p3.fr\/claire-marrache\/wp-json\/wp\/v2\/pages"}],"about":[{"href":"https:\/\/users.ijclab.in2p3.fr\/claire-marrache\/wp-json\/wp\/v2\/types\/page"}],"author":[{"embeddable":true,"href":"https:\/\/users.ijclab.in2p3.fr\/claire-marrache\/wp-json\/wp\/v2\/users\/30"}],"replies":[{"embeddable":true,"href":"https:\/\/users.ijclab.in2p3.fr\/claire-marrache\/wp-json\/wp\/v2\/comments?post=594"}],"version-history":[{"count":12,"href":"https:\/\/users.ijclab.in2p3.fr\/claire-marrache\/wp-json\/wp\/v2\/pages\/594\/revisions"}],"predecessor-version":[{"id":630,"href":"https:\/\/users.ijclab.in2p3.fr\/claire-marrache\/wp-json\/wp\/v2\/pages\/594\/revisions\/630"}],"up":[{"embeddable":true,"href":"https:\/\/users.ijclab.in2p3.fr\/claire-marrache\/wp-json\/wp\/v2\/pages\/202"}],"wp:attachment":[{"href":"https:\/\/users.ijclab.in2p3.fr\/claire-marrache\/wp-json\/wp\/v2\/media?parent=594"}],"curies":[{"name":"wp","href":"https:\/\/api.w.org\/{rel}","templated":true}]}}