{"id":359,"date":"2023-01-04T11:16:05","date_gmt":"2023-01-04T10:16:05","guid":{"rendered":"https:\/\/users.ijclab.in2p3.fr\/claire-marrache\/?page_id=359"},"modified":"2024-08-29T18:44:40","modified_gmt":"2024-08-29T17:44:40","slug":"physique-et-architecture","status":"publish","type":"page","link":"https:\/\/users.ijclab.in2p3.fr\/claire-marrache\/fr\/page-2-1\/physique-et-architecture\/","title":{"rendered":"Physique et Architecture"},"content":{"rendered":"\n<p style=\"text-align: left\">Depuis quelques ann\u00e9es, je m&rsquo;int\u00e9resse aux liens entre physique et architecture. Apr\u00e8s avoir travaill\u00e9 quelques ann\u00e9es chez <a href=\"https:\/\/www.perraultarchitecture.com\/fr\/homepage\">Dominique Perrault Architecture<\/a>, je continue \u00e0 collaborer avec des architectes pour les aider \u00e0 la conception de b\u00e2timents adapt\u00e9s \u00e0 leur environnement et moins \u00e9nergivores<\/p>\n<hr>\n\n\n\n<h1>Colloque Science et Architecture<\/h1>\n<p><img loading=\"lazy\" decoding=\"async\" class=\"aligncenter\" src=\"https:\/\/users.ijclab.in2p3.fr\/claire-marrache\/files\/2023\/01\/22_09_24_science_architecture.png\" alt=\"\" width=\"1024\" height=\"512\"><\/p>\n<p>En septembre 2022, j&rsquo;ai organis\u00e9 avec l&rsquo;Acad\u00e9mie des Sciences et l&rsquo;Acad\u00e9mie des Beaux Arts un colloque <a href=\"https:\/\/www.academie-sciences.fr\/fr\/Colloques-conferences-et-debats\/science-et-architecture-urgence.html\"><em><strong>Science et Architecture : l&rsquo;Urgence<\/strong><\/em><\/a> sous la forme de 6 dialogues interdisciplinaires pour promouvoir le rapprochement entre urbanistes, architectes et paysagistes d&rsquo;un c\u00f4t\u00e9, et physiciens, math\u00e9maticiens et \u00e9cologues de l&rsquo;autre. Les d\u00e9bats sont visionables sur <a href=\"https:\/\/www.youtube.com\/watch?v=BMhOFYgarSg\">Youtube<\/a>.<\/p>\n<hr>\n\n\n\n<h1>Cours de Licence<\/h1>\n<p>Le cours <a href=\"http:\/\/lptms.u-psud.fr\/wiki-cours\/index.php\/Physics_of_sustainable_development\"><em><strong>Physics of Sustainable Development <\/strong><\/em><\/a>que <a href=\"http:\/\/lptms.u-psud.fr\/membres\/groux\/\">Guillaume Roux<\/a> et moi dispensons aux L3 de Physique Fondamentale d&rsquo;Orsay s&rsquo;int\u00e9resse \u00e9galement \u00e0 ces questions. Guillaume Roux traite des aspects li\u00e9s au changement climatique, et je propose aux \u00e9tudiants une application pratique de concepts de physique \u00e0 la construction durable. Les d\u00e9tails du cours et, surtout, les projets tr\u00e8s divers des \u00e9tudiants sont consultables <a href=\"http:\/\/lptms.u-psud.fr\/wiki-cours\/index.php\/Physics_of_sustainable_development\">ici<\/a>.<\/p>\n<p>Ce cours a donn\u00e9 lieu \u00e0 un article : <em>A course on climate change and sustainable building design<\/em>, C.A. Marrache-Kikuchi, G. Roux, J.-M. Fischbach, B. Pilette, <em>Am. J. Phys.<\/em>, <strong>91<\/strong>, 667, 2023 <a href=\"https:\/\/arxiv.org\/pdf\/2306.15309\" target=\"_blank\" rel=\"noopener\"><strong>PDF<\/strong><\/a><\/p>\n<hr \/>\n\n\n\n<h1>Recherche sur la physique des isolants thermiques<\/h1>\n<p>Avec <a href=\"https:\/\/pperso.ijclab.in2p3.fr\/page_perso\/Appert\/toto.html\">C\u00e9cile Appert-Rolland<\/a>, nous tentons de qualifier les performances thermiques des isolants pour le b\u00e2timent. En effet, si les performances des isolants usuels (laine de verre, placo, &#8230;) sont d\u00e9termin\u00e9es par une r\u00e9sistance thermique qui est bien d\u00e9finie lorsque la conduction est le principal m\u00e9canisme de transfert thermique, celles des nouveaux isolants minces qui utilisent des feuilletages de surfaces r\u00e9fl\u00e9chissantes le sont beaucoup moins, puisque le rayonnement y joue un r\u00f4le non n\u00e9gligeable.<\/p>\n<p>Nous nous int\u00e9ressons \u00e9galement \u00e0 l&rsquo;importance relative de la r\u00e9sistance et de la masse thermiques pour refroidir les b\u00e2timents en cas de canicule.<\/p>\n\n\n\n<hr class=\"wp-block-separator has-alpha-channel-opacity\" \/>\n","protected":false},"excerpt":{"rendered":"<p>Depuis quelques ann\u00e9es, je m&rsquo;int\u00e9resse aux liens entre physique et architecture. Apr\u00e8s avoir travaill\u00e9 quelques ann\u00e9es chez Dominique Perrault Architecture, je continue \u00e0 collaborer avec des architectes pour les aider \u00e0 la conception de b\u00e2timents adapt\u00e9s \u00e0 leur environnement et &hellip; <a href=\"https:\/\/users.ijclab.in2p3.fr\/claire-marrache\/fr\/page-2-1\/physique-et-architecture\/\">Continuer la lecture <span class=\"meta-nav\">&rarr;<\/span><\/a><\/p>\n","protected":false},"author":30,"featured_media":0,"parent":196,"menu_order":1,"comment_status":"closed","ping_status":"closed","template":"","meta":{"_acf_changed":false,"footnotes":""},"class_list":["post-359","page","type-page","status-publish","hentry"],"acf":[],"_links":{"self":[{"href":"https:\/\/users.ijclab.in2p3.fr\/claire-marrache\/wp-json\/wp\/v2\/pages\/359","targetHints":{"allow":["GET"]}}],"collection":[{"href":"https:\/\/users.ijclab.in2p3.fr\/claire-marrache\/wp-json\/wp\/v2\/pages"}],"about":[{"href":"https:\/\/users.ijclab.in2p3.fr\/claire-marrache\/wp-json\/wp\/v2\/types\/page"}],"author":[{"embeddable":true,"href":"https:\/\/users.ijclab.in2p3.fr\/claire-marrache\/wp-json\/wp\/v2\/users\/30"}],"replies":[{"embeddable":true,"href":"https:\/\/users.ijclab.in2p3.fr\/claire-marrache\/wp-json\/wp\/v2\/comments?post=359"}],"version-history":[{"count":12,"href":"https:\/\/users.ijclab.in2p3.fr\/claire-marrache\/wp-json\/wp\/v2\/pages\/359\/revisions"}],"predecessor-version":[{"id":464,"href":"https:\/\/users.ijclab.in2p3.fr\/claire-marrache\/wp-json\/wp\/v2\/pages\/359\/revisions\/464"}],"up":[{"embeddable":true,"href":"https:\/\/users.ijclab.in2p3.fr\/claire-marrache\/wp-json\/wp\/v2\/pages\/196"}],"wp:attachment":[{"href":"https:\/\/users.ijclab.in2p3.fr\/claire-marrache\/wp-json\/wp\/v2\/media?parent=359"}],"curies":[{"name":"wp","href":"https:\/\/api.w.org\/{rel}","templated":true}]}}