{"id":356,"date":"2023-01-04T11:11:07","date_gmt":"2023-01-04T10:11:07","guid":{"rendered":"https:\/\/users.ijclab.in2p3.fr\/claire-marrache\/?page_id=356"},"modified":"2023-01-04T11:12:45","modified_gmt":"2023-01-04T10:12:45","slug":"american-journal-of-physics","status":"publish","type":"page","link":"https:\/\/users.ijclab.in2p3.fr\/claire-marrache\/fr\/page-2-1\/american-journal-of-physics\/","title":{"rendered":"American Journal of Physics"},"content":{"rendered":"\n<p>Depuis juin 2020, je suis Associate Editor pour l&rsquo;<a href=\"https:\/\/aapt.scitation.org\/journal\/ajp\">American Journal of Physics<\/a>. Parmi les articles que j&rsquo;ai \u00e9dit\u00e9s, j&rsquo;ai particuli\u00e8rement aim\u00e9 :<\/p>\n<ul>\n<li><a href=\"https:\/\/aapt.scitation.org\/doi\/full\/10.1119\/10.0006965\">The crane operator&rsquo;s trick and other shenanigans with a pendulum<\/a>, par S. Schlamminger et al. o\u00f9 les auteurs montrent comment les astuces des op\u00e9rateurs de grue pour ma\u00eetriser les oscillations de leur charge peuvent aussi servir en m\u00e9trologie.<\/li>\n<\/ul>\n\n\n<div class=\"wp-block-image\">\n<figure class=\"aligncenter size-full\"><img loading=\"lazy\" decoding=\"async\" width=\"400\" height=\"309\" src=\"https:\/\/users.ijclab.in2p3.fr\/claire-marrache\/files\/2023\/01\/BigBangTheory-3.jpg\" alt=\"\" class=\"wp-image-290\" srcset=\"https:\/\/users.ijclab.in2p3.fr\/claire-marrache\/files\/2023\/01\/BigBangTheory-3.jpg 400w, https:\/\/users.ijclab.in2p3.fr\/claire-marrache\/files\/2023\/01\/BigBangTheory-3-300x232.jpg 300w\" sizes=\"auto, (max-width: 400px) 100vw, 400px\" \/><\/figure><\/div>\n\n\n<hr class=\"wp-block-separator has-alpha-channel-opacity\" \/>\n","protected":false},"excerpt":{"rendered":"<p>Depuis juin 2020, je suis Associate Editor pour l&rsquo;American Journal of Physics. Parmi les articles que j&rsquo;ai \u00e9dit\u00e9s, j&rsquo;ai particuli\u00e8rement aim\u00e9 : The crane operator&rsquo;s trick and other shenanigans with a pendulum, par S. Schlamminger et al. o\u00f9 les auteurs &hellip; <a href=\"https:\/\/users.ijclab.in2p3.fr\/claire-marrache\/fr\/page-2-1\/american-journal-of-physics\/\">Continuer la lecture <span class=\"meta-nav\">&rarr;<\/span><\/a><\/p>\n","protected":false},"author":30,"featured_media":0,"parent":196,"menu_order":0,"comment_status":"closed","ping_status":"closed","template":"","meta":{"_acf_changed":false,"footnotes":""},"class_list":["post-356","page","type-page","status-publish","hentry"],"acf":[],"_links":{"self":[{"href":"https:\/\/users.ijclab.in2p3.fr\/claire-marrache\/wp-json\/wp\/v2\/pages\/356","targetHints":{"allow":["GET"]}}],"collection":[{"href":"https:\/\/users.ijclab.in2p3.fr\/claire-marrache\/wp-json\/wp\/v2\/pages"}],"about":[{"href":"https:\/\/users.ijclab.in2p3.fr\/claire-marrache\/wp-json\/wp\/v2\/types\/page"}],"author":[{"embeddable":true,"href":"https:\/\/users.ijclab.in2p3.fr\/claire-marrache\/wp-json\/wp\/v2\/users\/30"}],"replies":[{"embeddable":true,"href":"https:\/\/users.ijclab.in2p3.fr\/claire-marrache\/wp-json\/wp\/v2\/comments?post=356"}],"version-history":[{"count":2,"href":"https:\/\/users.ijclab.in2p3.fr\/claire-marrache\/wp-json\/wp\/v2\/pages\/356\/revisions"}],"predecessor-version":[{"id":358,"href":"https:\/\/users.ijclab.in2p3.fr\/claire-marrache\/wp-json\/wp\/v2\/pages\/356\/revisions\/358"}],"up":[{"embeddable":true,"href":"https:\/\/users.ijclab.in2p3.fr\/claire-marrache\/wp-json\/wp\/v2\/pages\/196"}],"wp:attachment":[{"href":"https:\/\/users.ijclab.in2p3.fr\/claire-marrache\/wp-json\/wp\/v2\/media?parent=356"}],"curies":[{"name":"wp","href":"https:\/\/api.w.org\/{rel}","templated":true}]}}