{"id":327,"date":"2023-01-03T15:54:45","date_gmt":"2023-01-03T14:54:45","guid":{"rendered":"https:\/\/users.ijclab.in2p3.fr\/claire-marrache\/?page_id=327"},"modified":"2023-02-13T12:34:06","modified_gmt":"2023-02-13T11:34:06","slug":"application-de-la-supraconductivite-aux-detecteurs","status":"publish","type":"page","link":"https:\/\/users.ijclab.in2p3.fr\/claire-marrache\/fr\/page-1\/application-de-la-supraconductivite-aux-detecteurs\/","title":{"rendered":"Application de la supraconductivit\u00e9 aux d\u00e9tecteurs"},"content":{"rendered":"\n<p>Je participe \u00e0 l\u2019activit\u00e9 <a href=\"https:\/\/web.archive.org\/web\/20220928165922\/https:\/\/www.csnsm.in2p3.fr\/Physique-Fondamentale\">\u00ab\u00a0Astroparticle Solid State Devices\u00a0\u00bb<\/a>. A ce titre, je m\u2019int\u00e9resse aux applications de films supraconducteurs \u00e0 la d\u00e9tection en Astroparticules.<\/p>\n\n\n\n<p><em>Quelques publications associ\u00e9es\u00a0:<\/em><\/p>\n\n\n\n<p><\/p>\n<ul class=\"wp-block-list\">\n<li><span style=\"color: #0000ff\"><em>Development of 100Mo-containing scintillating bolometers for a high-sensitivity neutrinoless double-beta decay search<\/em><\/span>, E. Armengaud et al., <em>Eur. Phys. J. C<\/em>, <strong>77<\/strong>, 785, 2017 <a href=\"https:\/\/arxiv.org\/abs\/1704.01758\" target=\"_blank\" rel=\"noreferrer noopener\"><strong><span style=\"color: #ff0000\">PDF<\/span><\/strong><\/a><\/li>\n \n<li><span style=\"color: #0000ff\"><em>Axion searches with the EDELWEISS-II experiment<\/em><\/span>, E. Armengaud et al., <em>Journal of Cosmology and Astroparticle Physics<\/em>, <strong>11<\/strong>, 67, 2013 <a href=\"https:\/\/arxiv.org\/abs\/1307.1488\" target=\"_blank\" rel=\"noreferrer noopener\"><strong><span style=\"color: #ff0000\">PDF<\/span><\/strong><\/a><\/li>\n \n<li><em><span style=\"color: #0000ff\">Tunable Superconducting Properties of a-NbSi Thin Films and Application to Detection in Astrophysics<\/span><\/em>, O. Crauste, C.A. Marrache-Kikuchi, L. Berg\u00e9, S. Collin, Y. Dolgorouky, S. Marnieros, C. Nones, L. Dumoulin, <em>J. Low Temp. Phys.<\/em>, <strong>163<\/strong>, 60, 2011 <a href=\"https:\/\/hal.science\/in2p3-00586078\" target=\"_blank\" rel=\"noreferrer noopener\"><strong><span style=\"color: #ff0000\">PDF<\/span><\/strong><\/a><\/li>\n<\/ul>\n<p><\/p>\n\n\n\n<ul class=\"wp-block-list\"><\/ul>\n\n\n","protected":false},"excerpt":{"rendered":"<p>Je participe \u00e0 l\u2019activit\u00e9 \u00ab\u00a0Astroparticle Solid State Devices\u00a0\u00bb. A ce titre, je m\u2019int\u00e9resse aux applications de films supraconducteurs \u00e0 la d\u00e9tection en Astroparticules. Quelques publications associ\u00e9es\u00a0:<\/p>\n","protected":false},"author":30,"featured_media":0,"parent":19,"menu_order":2,"comment_status":"closed","ping_status":"closed","template":"","meta":{"_acf_changed":false,"footnotes":""},"class_list":["post-327","page","type-page","status-publish","hentry"],"acf":[],"_links":{"self":[{"href":"https:\/\/users.ijclab.in2p3.fr\/claire-marrache\/wp-json\/wp\/v2\/pages\/327","targetHints":{"allow":["GET"]}}],"collection":[{"href":"https:\/\/users.ijclab.in2p3.fr\/claire-marrache\/wp-json\/wp\/v2\/pages"}],"about":[{"href":"https:\/\/users.ijclab.in2p3.fr\/claire-marrache\/wp-json\/wp\/v2\/types\/page"}],"author":[{"embeddable":true,"href":"https:\/\/users.ijclab.in2p3.fr\/claire-marrache\/wp-json\/wp\/v2\/users\/30"}],"replies":[{"embeddable":true,"href":"https:\/\/users.ijclab.in2p3.fr\/claire-marrache\/wp-json\/wp\/v2\/comments?post=327"}],"version-history":[{"count":4,"href":"https:\/\/users.ijclab.in2p3.fr\/claire-marrache\/wp-json\/wp\/v2\/pages\/327\/revisions"}],"predecessor-version":[{"id":440,"href":"https:\/\/users.ijclab.in2p3.fr\/claire-marrache\/wp-json\/wp\/v2\/pages\/327\/revisions\/440"}],"up":[{"embeddable":true,"href":"https:\/\/users.ijclab.in2p3.fr\/claire-marrache\/wp-json\/wp\/v2\/pages\/19"}],"wp:attachment":[{"href":"https:\/\/users.ijclab.in2p3.fr\/claire-marrache\/wp-json\/wp\/v2\/media?parent=327"}],"curies":[{"name":"wp","href":"https:\/\/api.w.org\/{rel}","templated":true}]}}