{"id":324,"date":"2023-01-03T15:49:34","date_gmt":"2023-01-03T14:49:34","guid":{"rendered":"https:\/\/users.ijclab.in2p3.fr\/claire-marrache\/?page_id=324"},"modified":"2023-02-13T12:38:16","modified_gmt":"2023-02-13T11:38:16","slug":"instrumentation-et-cryogenie","status":"publish","type":"page","link":"https:\/\/users.ijclab.in2p3.fr\/claire-marrache\/fr\/page-1\/instrumentation-et-cryogenie\/","title":{"rendered":"Instrumentation et cryog\u00e9nie"},"content":{"rendered":"\n<p>Afin de caract\u00e9riser ses syst\u00e8mes, nous avons d\u00e9velopp\u00e9 une instrumentation en cryog\u00e9nie, qui constitue un travail \u00e0 part enti\u00e8re. En collaboration avec <a rel=\"noreferrer noopener\" href=\"https:\/\/web.archive.org\/web\/20220928165922\/https:\/\/www.equipes.lps.u-psud.fr\/ns2\/index.shtml\" target=\"_blank\">Julien Gabelli et Marco Aprili<\/a> (LPS, Orsay), nous avons d\u00e9velopp\u00e9 des m\u00e9thodes de mesures GHz pour d\u00e9terminer la r\u00e9ponse \u00e9lectrocin\u00e9tique de films minces.<\/p>\n\n\n<div class=\"wp-block-image\">\n<figure class=\"aligncenter size-full\"><img loading=\"lazy\" decoding=\"async\" width=\"446\" height=\"271\" src=\"https:\/\/users.ijclab.in2p3.fr\/claire-marrache\/files\/2023\/02\/RF_calib.jpg\" alt=\"\" class=\"wp-image-432\" srcset=\"https:\/\/users.ijclab.in2p3.fr\/claire-marrache\/files\/2023\/02\/RF_calib.jpg 446w, https:\/\/users.ijclab.in2p3.fr\/claire-marrache\/files\/2023\/02\/RF_calib-300x182.jpg 300w\" sizes=\"auto, (max-width: 446px) 100vw, 446px\" \/><\/figure><\/div>\n\n\n<p><em>Quelques publications associ\u00e9es&nbsp;:<\/em><\/p>\n\n\n\n<ul>\n<li><span style=\"color: #0000ff\"><em><span class=\"tadv-color\">Environment-insensitive calibration for cyogenic broadband microwave reflectometry measurements<\/span><\/em><\/span>, F. Cou\u00ebdo, L. Berg\u00e9, L. Dumoulin, M.\u00a0Aprili, C.A. Marrache-Kikuchi, J. Gabelli, <em>AIP Advances<\/em>, <strong>9<\/strong>, 075005, 2019 <a href=\"https:\/\/arxiv.org\/abs\/1801.00436\" target=\"_blank\" rel=\"noreferrer noopener\"><strong><span style=\"color: #ff0000\">PDF<\/span><\/strong><\/a><\/li>\n<li><span style=\"color: #0000ff\"><em>Full range resistive thermometers<\/em><\/span>, E. Olivieri, M.\u00a0Rotter, M.\u00a0de Combarieu, P. Forget, C.A. Marrache-Kikuchi, P. Pari, <em>Cryogenics<\/em>, <strong>72<\/strong>, 148, 2015 <a href=\"https:\/\/hal.in2p3.fr\/in2p3-01226834\" target=\"_blank\" rel=\"noreferrer noopener\"><strong><span style=\"color: #ff0000\">PDF<\/span><\/strong><\/a><\/li>\n<li><span style=\"color: #0000ff\"><em>Cryogenic calibration setup for broadband complex impedance measurements<\/em><\/span>, P. Diener, F. Cou\u00ebdo, C. Marrache-Kikuchi, M.\u00a0Aprili, J. Gabelli, <em>AIP Conf. Proc.<\/em>, <strong>1610<\/strong>, 113, 2014 <a href=\"https:\/\/arxiv.org\/abs\/1309.4321\" target=\"_blank\" rel=\"noreferrer noopener\"><strong><span style=\"color: #ff0000\">PDF<\/span><\/strong><\/a><\/li>\n<\/ul>\n\n\n\n<ul class=\"wp-block-list\"><\/ul>\n","protected":false},"excerpt":{"rendered":"<p>Afin de caract\u00e9riser ses syst\u00e8mes, nous avons d\u00e9velopp\u00e9 une instrumentation en cryog\u00e9nie, qui constitue un travail \u00e0 part enti\u00e8re. En collaboration avec Julien Gabelli et Marco Aprili (LPS, Orsay), nous avons d\u00e9velopp\u00e9 des m\u00e9thodes de mesures GHz pour d\u00e9terminer la &hellip; <a href=\"https:\/\/users.ijclab.in2p3.fr\/claire-marrache\/fr\/page-1\/instrumentation-et-cryogenie\/\">Continuer la lecture <span class=\"meta-nav\">&rarr;<\/span><\/a><\/p>\n","protected":false},"author":30,"featured_media":0,"parent":19,"menu_order":3,"comment_status":"closed","ping_status":"closed","template":"","meta":{"_acf_changed":false,"footnotes":""},"class_list":["post-324","page","type-page","status-publish","hentry"],"acf":[],"_links":{"self":[{"href":"https:\/\/users.ijclab.in2p3.fr\/claire-marrache\/wp-json\/wp\/v2\/pages\/324","targetHints":{"allow":["GET"]}}],"collection":[{"href":"https:\/\/users.ijclab.in2p3.fr\/claire-marrache\/wp-json\/wp\/v2\/pages"}],"about":[{"href":"https:\/\/users.ijclab.in2p3.fr\/claire-marrache\/wp-json\/wp\/v2\/types\/page"}],"author":[{"embeddable":true,"href":"https:\/\/users.ijclab.in2p3.fr\/claire-marrache\/wp-json\/wp\/v2\/users\/30"}],"replies":[{"embeddable":true,"href":"https:\/\/users.ijclab.in2p3.fr\/claire-marrache\/wp-json\/wp\/v2\/comments?post=324"}],"version-history":[{"count":4,"href":"https:\/\/users.ijclab.in2p3.fr\/claire-marrache\/wp-json\/wp\/v2\/pages\/324\/revisions"}],"predecessor-version":[{"id":442,"href":"https:\/\/users.ijclab.in2p3.fr\/claire-marrache\/wp-json\/wp\/v2\/pages\/324\/revisions\/442"}],"up":[{"embeddable":true,"href":"https:\/\/users.ijclab.in2p3.fr\/claire-marrache\/wp-json\/wp\/v2\/pages\/19"}],"wp:attachment":[{"href":"https:\/\/users.ijclab.in2p3.fr\/claire-marrache\/wp-json\/wp\/v2\/media?parent=324"}],"curies":[{"name":"wp","href":"https:\/\/api.w.org\/{rel}","templated":true}]}}