{"id":25,"date":"2013-07-24T13:30:07","date_gmt":"2013-07-24T12:30:07","guid":{"rendered":"http:\/\/users.ijclab.in2p3.fr\/claire-marrache\/?page_id=25"},"modified":"2023-02-13T12:40:04","modified_gmt":"2023-02-13T11:40:04","slug":"page-1-2","status":"publish","type":"page","link":"https:\/\/users.ijclab.in2p3.fr\/claire-marrache\/fr\/page-1\/page-1-2\/","title":{"rendered":"Autres syst\u00e8mes supraconducteurs"},"content":{"rendered":"\n<p>Je suis \u00e9galement impliqu\u00e9e dans la compr\u00e9hension d\u2019autres syst\u00e8mes pr\u00e9sentant une supraconductivit\u00e9 exotique.<\/p>\n<p>R\u00e9cemment, en collaboration avec <a class=\"spip_out\" href=\"https:\/\/web.archive.org\/web\/20220928165922\/https:\/\/www.academie-sciences.fr\/fr\/Liste-des-membres-de-l-Academie-des-sciences-\/-J\/denis-jerome.html\" target=\"_blank\" rel=\"external noopener\">Denis J\u00e9rome<\/a> (LPS, Orsay) et <a class=\"spip_out\" href=\"https:\/\/web.archive.org\/web\/20220928165922\/http:\/\/www.ss.scphys.kyoto-u.ac.jp\/person\/yonezawa\/contents\/yonezawa\/introduction-en.html\" target=\"_blank\" rel=\"external noopener\">Shingo Yonezawa<\/a> (Universit\u00e9 de Kyoto), je me suis int\u00e9ress\u00e9e au d\u00e9sordre dans les supraconducteurs organiques. Nous avons montr\u00e9 que dans ces compos\u00e9s extr\u00eamement propres, on pouvait avoir une granularit\u00e9 \u00e9lectronique effective.<\/p>\n<p>En parall\u00e8le, nous avons commenc\u00e9 une \u00e9tude des propri\u00e9t\u00e9s supraconductrices des gaz d\u2019\u00e9lectrons bidimensionnels aux interfaces entre SrTiO3 et Al2O3 avec <a class=\"spip_out\" href=\"https:\/\/web.archive.org\/web\/20220928165922\/https:\/\/www.csnsm.in2p3.fr\/sengupta\" target=\"_blank\" rel=\"external noopener\">Shamashis Sengupta<\/a>.<\/p>\n<p><i>Publications associ\u00e9es\u00a0:<\/i><\/p>\n<ul class=\"spip\">\n<li><span style=\"color: #0000ff\"><i>Density-tuned isotherms and dynamic change at the superconducting transition in a gate-controlled AlOx\/SrTiO3 heterostructure<\/i><\/span>, S. Sengupta, M. Monteverde, A. Murani, C. Marrache-Kikuchi, A.F. Santander-Syro, F. Fortuna, <i>Phys. Rev. B<\/i>, <strong>105<\/strong>, 125112, 2022. <a class=\"spip_out\" href=\"https:\/\/arxiv.org\/abs\/2104.03633\" target=\"_blank\" rel=\"external noopener\"><strong><span style=\"color: #ff0000\">PDF<\/span><\/strong><\/a><\/li>\n<li><i><span style=\"color: #0000ff\"> Gate-tunable superconductivity at SrTiO3 surface realized by Al layer evaporation<\/span><\/i>, S. Sengupta, E. Tisserond, F. Linez, M.\u00a0Monteverde, A. Murani, T. R\u00f6del, P. Lecoeur, T. Maroutian, C. Marrache-Kikuchi, A.F. Santander-Syro, F. Fortuna, <i>J. Appl. Phys.<\/i>, <strong>124<\/strong>, 213902, 2018. <i>Editor\u2019s Pick<\/i>. <a class=\"spip_out\" href=\"https:\/\/arxiv.org\/abs\/1810.08069\" target=\"_blank\" rel=\"external noopener\"><strong><span style=\"color: #ff0000\">PDF<\/span><\/strong><\/a><\/li>\n<li><i><span style=\"color: blue\"> Crossover from impurity-controlled to granular superconductivity in (TMTSF)2ClO4 <\/span><\/i>, S. Yonezawa, C. A. Marrache-Kikuchi, K. Bechgaard, D. J\u00e9rome, <i>Phys. Rev. B<\/i>, <strong>97<\/strong>, 014521, 2018 <a class=\"spip_out\" href=\"https:\/\/arxiv.org\/abs\/1709.03361\" target=\"_blank\" rel=\"external noopener\"><strong><span style=\"color: red\">PDF<\/span><\/strong><\/a><\/li>\n<\/ul>\n","protected":false},"excerpt":{"rendered":"<p>Je suis \u00e9galement impliqu\u00e9e dans la compr\u00e9hension d\u2019autres syst\u00e8mes pr\u00e9sentant une supraconductivit\u00e9 exotique. R\u00e9cemment, en collaboration avec Denis J\u00e9rome (LPS, Orsay) et Shingo Yonezawa (Universit\u00e9 de Kyoto), je me suis int\u00e9ress\u00e9e au d\u00e9sordre dans les supraconducteurs organiques. Nous avons montr\u00e9 &hellip; <a href=\"https:\/\/users.ijclab.in2p3.fr\/claire-marrache\/fr\/page-1\/page-1-2\/\">Continuer la lecture <span class=\"meta-nav\">&rarr;<\/span><\/a><\/p>\n","protected":false},"author":1,"featured_media":0,"parent":19,"menu_order":1,"comment_status":"closed","ping_status":"closed","template":"","meta":{"_acf_changed":false,"footnotes":""},"class_list":["post-25","page","type-page","status-publish","hentry"],"acf":[],"_links":{"self":[{"href":"https:\/\/users.ijclab.in2p3.fr\/claire-marrache\/wp-json\/wp\/v2\/pages\/25","targetHints":{"allow":["GET"]}}],"collection":[{"href":"https:\/\/users.ijclab.in2p3.fr\/claire-marrache\/wp-json\/wp\/v2\/pages"}],"about":[{"href":"https:\/\/users.ijclab.in2p3.fr\/claire-marrache\/wp-json\/wp\/v2\/types\/page"}],"author":[{"embeddable":true,"href":"https:\/\/users.ijclab.in2p3.fr\/claire-marrache\/wp-json\/wp\/v2\/users\/1"}],"replies":[{"embeddable":true,"href":"https:\/\/users.ijclab.in2p3.fr\/claire-marrache\/wp-json\/wp\/v2\/comments?post=25"}],"version-history":[{"count":5,"href":"https:\/\/users.ijclab.in2p3.fr\/claire-marrache\/wp-json\/wp\/v2\/pages\/25\/revisions"}],"predecessor-version":[{"id":444,"href":"https:\/\/users.ijclab.in2p3.fr\/claire-marrache\/wp-json\/wp\/v2\/pages\/25\/revisions\/444"}],"up":[{"embeddable":true,"href":"https:\/\/users.ijclab.in2p3.fr\/claire-marrache\/wp-json\/wp\/v2\/pages\/19"}],"wp:attachment":[{"href":"https:\/\/users.ijclab.in2p3.fr\/claire-marrache\/wp-json\/wp\/v2\/media?parent=25"}],"curies":[{"name":"wp","href":"https:\/\/api.w.org\/{rel}","templated":true}]}}