{"id":219,"date":"2021-04-11T11:42:17","date_gmt":"2021-04-11T11:42:17","guid":{"rendered":"https:\/\/users.ijclab.in2p3.fr\/claire-marrache\/?page_id=219"},"modified":"2025-11-12T16:13:17","modified_gmt":"2025-11-12T15:13:17","slug":"page-2-1","status":"publish","type":"page","link":"https:\/\/users.ijclab.in2p3.fr\/claire-marrache\/fr\/page2-2\/page-2-1\/","title":{"rendered":"L2 &#8211; Institut Villebon Georges Charpak &#8211; M\u00e9canique"},"content":{"rendered":"\n<h2>Cours en autonomie : <a href=\"https:\/\/users.ijclab.in2p3.fr\/claire-marrache\/files\/2025\/08\/IVGC_Autono_Meca_L2_2025-2026.pdf\">pdf<\/a><\/h2>\n<h2>TDs :<\/h2>\n<ul>\n<li><a href=\"https:\/\/users.ijclab.in2p3.fr\/claire-marrache\/files\/2025\/08\/2025-2026_TD1.pdf\">TD1<\/a><\/li>\n<li><a href=\"https:\/\/users.ijclab.in2p3.fr\/claire-marrache\/files\/2024\/08\/2024-2025_TD2.pdf\">TD2<\/a>\u00a0<\/li>\n<li><a href=\"https:\/\/users.ijclab.in2p3.fr\/claire-marrache\/files\/2024\/08\/2024-2025_TD3.pdf\">TD3<\/a>\u00a0<\/li>\n<\/ul>\n<hr \/>\n<h2>Rappels<\/h2>\n<ul>\n<li>Bases orthonorm\u00e9es\n<ul>\n<li><a href=\"https:\/\/www.dropbox.com\/scl\/fi\/745pz7j2sihfl3ofp8eiy\/2020-08-31-19-04-39.mkv?rlkey=ev36ryttpcc260erjpjykp13a&amp;st=kgfqpuh8&amp;dl=0\" target=\"_blank\" rel=\"noopener\">Video de rappel<\/a><\/li>\n<li>Exercices : <a href=\"https:\/\/users.ijclab.in2p3.fr\/claire-marrache\/files\/2024\/08\/Enonces_BON.pdf\" target=\"_blank\" rel=\"noopener\">Enonc\u00e9<\/a> et <a href=\"https:\/\/users.ijclab.in2p3.fr\/claire-marrache\/files\/2024\/08\/Solutions_BON.pdf\" target=\"_blank\" rel=\"noopener\">Correction<\/a><\/li>\n<\/ul>\n<\/li>\n<li>Coordonn\u00e9es d&rsquo;un vecteur :\n<ul>\n<li><a href=\"https:\/\/www.dropbox.com\/scl\/fi\/hsyazc6jxj2hzc1h8ygoy\/2020-08-31-19-49-25.mkv?rlkey=204nm29kr90aig3ahnv6wbg2s&amp;st=mw14cb55&amp;dl=0\" target=\"_blank\" rel=\"noopener\">Video de rappel<\/a><\/li>\n<li>Exercices : <a href=\"https:\/\/users.ijclab.in2p3.fr\/claire-marrache\/files\/2024\/08\/Enonce-vecteurs.pdf\" target=\"_blank\" rel=\"noopener\">Enonc\u00e9<\/a> et <a href=\"https:\/\/users.ijclab.in2p3.fr\/claire-marrache\/files\/2024\/08\/Solutions-vecteurs.pdf\" target=\"_blank\" rel=\"noopener\">Correction<\/a><\/li>\n<\/ul>\n<\/li>\n<li>Produit scalaire :\n<ul>\n<li><a href=\"https:\/\/www.dropbox.com\/scl\/fi\/us980lfgh23ndzd26g7bk\/2020-08-31-20-09-01.mkv?rlkey=m49qowzuafdegnhf69evw4aeq&amp;st=cy9ywydq&amp;dl=0\" target=\"_blank\" rel=\"noopener\">Video de rappel<\/a><\/li>\n<li>Exercices : <a href=\"https:\/\/users.ijclab.in2p3.fr\/claire-marrache\/files\/2024\/08\/Enonce-Produit-Scalaire.pdf\" target=\"_blank\" rel=\"noopener\">Enonc\u00e9<\/a> et <a href=\"https:\/\/users.ijclab.in2p3.fr\/claire-marrache\/files\/2024\/08\/Solution-Produit-Scalaire.pdf\" target=\"_blank\" rel=\"noopener\">Correction<\/a><\/li>\n<\/ul>\n<\/li>\n<li>Equations diff\u00e9rentielles : <a href=\"https:\/\/users.ijclab.in2p3.fr\/claire-marrache\/files\/2025\/10\/L2_IVGC_Meca_EqDiff.pdf\">rappel<\/a><\/li>\n<li>Energie : <a href=\"https:\/\/users.ijclab.in2p3.fr\/claire-marrache\/files\/2025\/10\/L2_IVGC_Meca_complements.pdf\">exercices suppl\u00e9mentaires<\/a><\/li>\n<li>Produit vectoriel :\n<ul>\n<li>Exercices : <a href=\"https:\/\/users.ijclab.in2p3.fr\/claire-marrache\/files\/2024\/10\/Produit_vectoriel_enonce.pdf\">Enonc\u00e9<\/a> et <a href=\"https:\/\/users.ijclab.in2p3.fr\/claire-marrache\/files\/2024\/10\/Produit_vectoriel_solution.pdf\">Correction<\/a><\/li>\n<\/ul>\n<\/li>\n<\/ul>\n<hr \/>\n<p><strong>TD<\/strong><\/p>\n<ul>\n<li>TD1 : <a href=\"https:\/\/users.ijclab.in2p3.fr\/claire-marrache\/files\/2025\/10\/TD1_correction.pdf\">correction<\/a><\/li>\n<li>TD2 : <a href=\"https:\/\/users.ijclab.in2p3.fr\/claire-marrache\/files\/2025\/10\/TD2_correction_1.pdf\">correction Ex 3, 4, 5, 7<\/a> ; <a href=\"https:\/\/users.ijclab.in2p3.fr\/claire-marrache\/files\/2025\/10\/TD2_correction_balance.pdf\">correction Ex 6, 8<\/a>\u00a0<\/li>\n<\/ul>\n<hr \/>\n<h2>Annales<\/h2>\n<ul>\n<li>2018-2019\n<ul>\n<li>Interro du 28\/09 : <a href=\"https:\/\/users.ijclab.in2p3.fr\/claire-marrache\/files\/2024\/08\/2018-2019_Type2_2018_09_28.pdf\" target=\"_blank\" rel=\"noopener\">\u00e9nonc\u00e9 <\/a>et <a href=\"https:\/\/users.ijclab.in2p3.fr\/claire-marrache\/files\/2024\/08\/2018-2019_Type2_2018_09_28_correction.pdf\" target=\"_blank\" rel=\"noopener\">correction<\/a><\/li>\n<li>Interro du 02\/11 : <a href=\"https:\/\/users.ijclab.in2p3.fr\/claire-marrache\/files\/2024\/08\/2018-2019_Type2_2018_11_02.pdf\" target=\"_blank\" rel=\"noopener\">\u00e9nonc\u00e9 <\/a>et <a href=\"https:\/\/users.ijclab.in2p3.fr\/claire-marrache\/files\/2024\/08\/2018-2019_Type2_2018_11_02_correction.pdf\" target=\"_blank\" rel=\"noopener\">correction<\/a><\/li>\n<li>Examen du 27\/11 : <a href=\"https:\/\/users.ijclab.in2p3.fr\/claire-marrache\/files\/2024\/08\/2018-2019_Type1_2018_11_27.pdf\" target=\"_blank\" rel=\"noopener\">\u00e9nonc\u00e9 <\/a>et <a href=\"https:\/\/users.ijclab.in2p3.fr\/claire-marrache\/files\/2024\/08\/2018-2019_Type1_2018_11_27_correction.pdf\" target=\"_blank\" rel=\"noopener\">correction<\/a><\/li>\n<\/ul>\n<\/li>\n<li>2019-2020\n<ul>\n<li>Interro du 12\/09 : <a href=\"https:\/\/users.ijclab.in2p3.fr\/claire-marrache\/files\/2024\/08\/2019-2020_Type2_2019_09_12.pdf\" target=\"_blank\" rel=\"noopener\">\u00e9nonc\u00e9 <\/a>et <a href=\"https:\/\/users.ijclab.in2p3.fr\/claire-marrache\/files\/2024\/08\/2019-2020_Type2_2019_09_12_correction.pdf\" target=\"_blank\" rel=\"noopener\">correction<\/a><\/li>\n<li>Interro du 03\/10 : <a href=\"https:\/\/users.ijclab.in2p3.fr\/claire-marrache\/files\/2024\/08\/2019-2020_Type2_2019_10_03.pdf\" target=\"_blank\" rel=\"noopener\">\u00e9nonc\u00e9 <\/a>et <a href=\"https:\/\/users.ijclab.in2p3.fr\/claire-marrache\/files\/2024\/08\/2019-2020_Type2_2019_10_03_correction.pdf\" target=\"_blank\" rel=\"noopener\">correction<\/a><\/li>\n<li>Interro du 18\/10 : <a href=\"https:\/\/users.ijclab.in2p3.fr\/claire-marrache\/files\/2024\/08\/2019-2020_Type2_2019_10_18.pdf\" target=\"_blank\" rel=\"noopener\">\u00e9nonc\u00e9 <\/a>et <a href=\"https:\/\/users.ijclab.in2p3.fr\/claire-marrache\/files\/2024\/08\/2019-2020_Type2_2019_10_18_correction.pdf\" target=\"_blank\" rel=\"noopener\">correction<\/a><\/li>\n<li>Interro du 08\/11 : <a href=\"https:\/\/users.ijclab.in2p3.fr\/claire-marrache\/files\/2024\/08\/2019-2020_Type2_2019_11_08.pdf\" target=\"_blank\" rel=\"noopener\">\u00e9nonc\u00e9 <\/a>et <a href=\"https:\/\/users.ijclab.in2p3.fr\/claire-marrache\/files\/2024\/08\/Correction_Type2_2019_11_08.pdf\" target=\"_blank\" rel=\"noopener\">correction<\/a><\/li>\n<li>Examen du 26\/11 : <a href=\"https:\/\/users.ijclab.in2p3.fr\/claire-marrache\/files\/2024\/08\/2019-2020_Type1_2019_11_26.pdf\" target=\"_blank\" rel=\"noopener\">\u00e9nonc\u00e9 <\/a>et <a href=\"https:\/\/users.ijclab.in2p3.fr\/claire-marrache\/files\/2024\/08\/2019-2020_Type1_2019_11_26_corr.pdf\" target=\"_blank\" rel=\"noopener\">correction<\/a><\/li>\n<\/ul>\n<\/li>\n<li>2020-2021\n<ul>\n<li>Interro du 01\/10 : <a href=\"https:\/\/users.ijclab.in2p3.fr\/claire-marrache\/files\/2024\/08\/2020-2021_Type2_2020_10_01.pdf\" target=\"_blank\" rel=\"noopener\">\u00e9nonc\u00e9 <\/a>et <a href=\"https:\/\/users.ijclab.in2p3.fr\/claire-marrache\/files\/2024\/08\/2020-2021_Type2_2020_10_01_correction.pdf\" target=\"_blank\" rel=\"noopener\">correction<\/a><\/li>\n<li>Interro du 23\/10 : <a href=\"https:\/\/users.ijclab.in2p3.fr\/claire-marrache\/files\/2024\/08\/2020-2021_Type2_2020_10_23.pdf\" target=\"_blank\" rel=\"noopener\">\u00e9nonc\u00e9 <\/a>et <a href=\"https:\/\/users.ijclab.in2p3.fr\/claire-marrache\/files\/2024\/08\/2020-2021_Type2_2020_10_23_correction.pdf\" target=\"_blank\" rel=\"noopener\">correction<\/a><\/li>\n<li>Interro du 17\/11 : <a href=\"https:\/\/users.ijclab.in2p3.fr\/claire-marrache\/files\/2024\/08\/2020-2021_Type2_2020_11_17.pdf\" target=\"_blank\" rel=\"noopener\">\u00e9nonc\u00e9 <\/a>et <a href=\"https:\/\/users.ijclab.in2p3.fr\/claire-marrache\/files\/2024\/08\/2020-2021_Type2_2020_11_17_correction.pdf\" target=\"_blank\" rel=\"noopener\">correction<\/a><\/li>\n<li>Examen du 24\/11 : <a href=\"https:\/\/users.ijclab.in2p3.fr\/claire-marrache\/files\/2024\/08\/2020-2021_Type1_2020_11_24.pdf\" target=\"_blank\" rel=\"noopener\">\u00e9nonc\u00e9<\/a><\/li>\n<\/ul>\n<\/li>\n<li>2021-2022\n<ul>\n<li>Interro du 19\/10 : <a href=\"https:\/\/users.ijclab.in2p3.fr\/claire-marrache\/files\/2024\/08\/2021-2022_2021_20_19.pdf\" target=\"_blank\" rel=\"noopener\">\u00e9nonc\u00e9 <\/a>et <a href=\"https:\/\/users.ijclab.in2p3.fr\/claire-marrache\/files\/2024\/08\/2021-2022_2021_20_19-_correction.pdf\" target=\"_blank\" rel=\"noopener\">correction<\/a><\/li>\n<li>Interro du 09\/11 : <a href=\"https:\/\/users.ijclab.in2p3.fr\/claire-marrache\/files\/2024\/08\/2021-2022_2021_11_09_v2.pdf\" target=\"_blank\" rel=\"noopener\">\u00e9nonc\u00e9 <\/a>et <a href=\"https:\/\/users.ijclab.in2p3.fr\/claire-marrache\/files\/2024\/08\/2021-2022_2021_11_09_correction.pdf\" target=\"_blank\" rel=\"noopener\">correction<\/a><\/li>\n<li>Interro du 22\/11 : <a href=\"https:\/\/users.ijclab.in2p3.fr\/claire-marrache\/files\/2024\/08\/2021-2022_2021_11_22.pdf\" target=\"_blank\" rel=\"noopener\">\u00e9nonc\u00e9 <\/a>et <a href=\"https:\/\/users.ijclab.in2p3.fr\/claire-marrache\/files\/2024\/08\/2021-2022_2021_11_22_correction.pdf\" target=\"_blank\" rel=\"noopener\">correction<\/a><\/li>\n<li>Examen du 05\/01 : <a href=\"https:\/\/users.ijclab.in2p3.fr\/claire-marrache\/files\/2024\/08\/2021-2022_2022_01_05.pdf\" target=\"_blank\" rel=\"noopener\">\u00e9nonc\u00e9 <\/a>et <a href=\"https:\/\/users.ijclab.in2p3.fr\/claire-marrache\/files\/2024\/08\/2021-2022_2022_01_05_corr.pdf\" target=\"_blank\" rel=\"noopener\">correction<\/a><\/li>\n<\/ul>\n<\/li>\n<li>2022-2023\n<ul>\n<li>Interro du 05\/10 : <a href=\"https:\/\/users.ijclab.in2p3.fr\/claire-marrache\/files\/2024\/08\/2022-2023_2022_10_05.pdf\" target=\"_blank\" rel=\"noopener\">\u00e9nonc\u00e9 <\/a>et <a href=\"https:\/\/users.ijclab.in2p3.fr\/claire-marrache\/files\/2024\/08\/2022-2023_2022_10_05_correction.pdf\" target=\"_blank\" rel=\"noopener\">correction<\/a><\/li>\n<li>Interro du 10\/19 : <a href=\"https:\/\/users.ijclab.in2p3.fr\/claire-marrache\/files\/2024\/08\/2022-2023_2022_10_19.pdf\" target=\"_blank\" rel=\"noopener\">\u00e9nonc\u00e9 <\/a>et <a href=\"https:\/\/users.ijclab.in2p3.fr\/claire-marrache\/files\/2024\/08\/2022-2023_2022_10_19_correction.pdf\" target=\"_blank\" rel=\"noopener\">correction<\/a><\/li>\n<li>Interro du 09\/11 : <a href=\"https:\/\/users.ijclab.in2p3.fr\/claire-marrache\/files\/2024\/08\/2022-2023_2022_11_09.pdf\" target=\"_blank\" rel=\"noopener\">\u00e9nonc\u00e9<\/a> et <a href=\"https:\/\/users.ijclab.in2p3.fr\/claire-marrache\/files\/2024\/08\/2022-2023_2022_11_09_corr.pdf\" target=\"_blank\" rel=\"noopener\">correction<\/a><\/li>\n<li>Examen du 04\/01 : <a href=\"https:\/\/users.ijclab.in2p3.fr\/claire-marrache\/files\/2024\/08\/2022-2023_2023_01_04.pdf\" target=\"_blank\" rel=\"noopener\">\u00e9nonc\u00e9 <\/a>et <a href=\"https:\/\/users.ijclab.in2p3.fr\/claire-marrache\/files\/2024\/08\/2022-2023_2023_01_04_corr.pdf\" target=\"_blank\" rel=\"noopener\">correction<\/a><\/li>\n<\/ul>\n<\/li>\n<li>2023-2024\n<ul>\n<li>Interro du 04\/10 : <a href=\"https:\/\/users.ijclab.in2p3.fr\/claire-marrache\/files\/2024\/08\/2023-2024_2023_10_04.pdf\" target=\"_blank\" rel=\"noopener\">\u00e9nonc\u00e9 <\/a>et <a href=\"https:\/\/users.ijclab.in2p3.fr\/claire-marrache\/files\/2024\/08\/2023-2024_2023_10_04_correction.pdf\" target=\"_blank\" rel=\"noopener\">correction<\/a><\/li>\n<li>Interro du 20\/10 : <a href=\"https:\/\/users.ijclab.in2p3.fr\/claire-marrache\/files\/2024\/08\/2023-2024_2023_10_20.pdf\" target=\"_blank\" rel=\"noopener\">\u00e9nonc\u00e9 <\/a>et <a href=\"https:\/\/users.ijclab.in2p3.fr\/claire-marrache\/files\/2024\/08\/2023-2024_2023_10_20_corr.pdf\" target=\"_blank\" rel=\"noopener\">correction<\/a><\/li>\n<li>Interro du 10\/11 : <a href=\"https:\/\/users.ijclab.in2p3.fr\/claire-marrache\/files\/2024\/08\/2023-2024_2023_11_10.pdf\" target=\"_blank\" rel=\"noopener\">\u00e9nonc\u00e9 <\/a>et <a href=\"https:\/\/users.ijclab.in2p3.fr\/claire-marrache\/files\/2024\/08\/2023-2024_2023_11_10_corr.pdf\" target=\"_blank\" rel=\"noopener\">correction<\/a><\/li>\n<li>Examen du 05\/12<a href=\"https:\/\/users.ijclab.in2p3.fr\/claire-marrache\/files\/2024\/08\/2023-2024_2023_12_05.pdf\" target=\"_blank\" rel=\"noopener\"> :<\/a> <a href=\"https:\/\/users.ijclab.in2p3.fr\/claire-marrache\/files\/2024\/08\/2023-2024_2023_12_05.pdf\" target=\"_blank\" rel=\"noopener\">\u00e9nonc\u00e9 <\/a>et <a href=\"https:\/\/users.ijclab.in2p3.fr\/claire-marrache\/files\/2024\/08\/2023-2024_2023_12_05_corr.pdf\" target=\"_blank\" rel=\"noopener\">correction<\/a><\/li>\n<\/ul>\n<\/li>\n<li>2024-2025\n<ul>\n<li>Interro du 30\/09 : <a href=\"https:\/\/users.ijclab.in2p3.fr\/claire-marrache\/files\/2024\/10\/2024_09_30_Eval.pdf\">\u00e9nonc\u00e9<\/a> et <a href=\"https:\/\/users.ijclab.in2p3.fr\/claire-marrache\/files\/2024\/10\/2024_09_30_Eval_corr.pdf\">correction<\/a><\/li>\n<li>Interro du 21\/10 : <a href=\"https:\/\/users.ijclab.in2p3.fr\/claire-marrache\/files\/2024\/10\/2024_10_18_Eval.pdf\">\u00e9nonc\u00e9<\/a> et <a href=\"https:\/\/users.ijclab.in2p3.fr\/claire-marrache\/files\/2024\/10\/2024_10_18_Eval_corr.pdf\">correction<\/a><\/li>\n<li>Examen du 08\/11 : <a href=\"https:\/\/users.ijclab.in2p3.fr\/claire-marrache\/files\/2024\/11\/2024_11_08_Eval.pdf\">\u00e9nonc\u00e9<\/a> et <a href=\"https:\/\/users.ijclab.in2p3.fr\/claire-marrache\/files\/2025\/01\/2024_11_08_Eval_corr.pdf\">correction<\/a><\/li>\n<\/ul>\n<\/li>\n<li>2025-2026\n<ul>\n<li>Interro du 29\/09 : <a href=\"https:\/\/users.ijclab.in2p3.fr\/claire-marrache\/files\/2025\/09\/2025_09_29_Eval.pdf\">\u00e9nonc\u00e9<\/a> et <a href=\"https:\/\/users.ijclab.in2p3.fr\/claire-marrache\/files\/2025\/09\/2025_09_29_Eval_corr.pdf\">correction<\/a><\/li>\n<li>Interro du 20\/10 : <a href=\"https:\/\/users.ijclab.in2p3.fr\/claire-marrache\/files\/2025\/10\/2025_10_20_Eval.pdf\">\u00e9nonc\u00e9<\/a> et <a href=\"https:\/\/users.ijclab.in2p3.fr\/claire-marrache\/files\/2025\/10\/2025_10_20_Eval_corr.pdf\">correction<\/a><\/li>\n<li>Examen du 07\/11 : <a href=\"https:\/\/users.ijclab.in2p3.fr\/claire-marrache\/files\/2025\/11\/2025_11_07_Exam.pdf\">\u00e9nonc\u00e9<\/a> et <a href=\"https:\/\/users.ijclab.in2p3.fr\/claire-marrache\/files\/2025\/11\/2025_11_07_Exam_corr.pdf\">correction<\/a><\/li>\n<\/ul>\n<\/li>\n<\/ul>\n<p>\u00a0<\/p>\n\n\n","protected":false},"excerpt":{"rendered":"<p>Cours en autonomie : pdf TDs : TD1 TD2\u00a0 TD3\u00a0 Rappels Bases orthonorm\u00e9es Video de rappel Exercices : Enonc\u00e9 et Correction Coordonn\u00e9es d&rsquo;un vecteur : Video de rappel Exercices : Enonc\u00e9 et Correction Produit scalaire : Video de rappel Exercices &hellip; <a href=\"https:\/\/users.ijclab.in2p3.fr\/claire-marrache\/fr\/page2-2\/page-2-1\/\">Continuer la lecture <span class=\"meta-nav\">&rarr;<\/span><\/a><\/p>\n","protected":false},"author":22,"featured_media":0,"parent":202,"menu_order":0,"comment_status":"closed","ping_status":"closed","template":"","meta":{"_acf_changed":false,"footnotes":""},"class_list":["post-219","page","type-page","status-publish","hentry"],"acf":[],"_links":{"self":[{"href":"https:\/\/users.ijclab.in2p3.fr\/claire-marrache\/wp-json\/wp\/v2\/pages\/219","targetHints":{"allow":["GET"]}}],"collection":[{"href":"https:\/\/users.ijclab.in2p3.fr\/claire-marrache\/wp-json\/wp\/v2\/pages"}],"about":[{"href":"https:\/\/users.ijclab.in2p3.fr\/claire-marrache\/wp-json\/wp\/v2\/types\/page"}],"author":[{"embeddable":true,"href":"https:\/\/users.ijclab.in2p3.fr\/claire-marrache\/wp-json\/wp\/v2\/users\/22"}],"replies":[{"embeddable":true,"href":"https:\/\/users.ijclab.in2p3.fr\/claire-marrache\/wp-json\/wp\/v2\/comments?post=219"}],"version-history":[{"count":55,"href":"https:\/\/users.ijclab.in2p3.fr\/claire-marrache\/wp-json\/wp\/v2\/pages\/219\/revisions"}],"predecessor-version":[{"id":753,"href":"https:\/\/users.ijclab.in2p3.fr\/claire-marrache\/wp-json\/wp\/v2\/pages\/219\/revisions\/753"}],"up":[{"embeddable":true,"href":"https:\/\/users.ijclab.in2p3.fr\/claire-marrache\/wp-json\/wp\/v2\/pages\/202"}],"wp:attachment":[{"href":"https:\/\/users.ijclab.in2p3.fr\/claire-marrache\/wp-json\/wp\/v2\/media?parent=219"}],"curies":[{"name":"wp","href":"https:\/\/api.w.org\/{rel}","templated":true}]}}