{"id":21,"date":"2013-07-24T13:29:43","date_gmt":"2013-07-24T12:29:43","guid":{"rendered":"http:\/\/users.ijclab.in2p3.fr\/claire-marrache\/?page_id=21"},"modified":"2023-02-13T12:55:57","modified_gmt":"2023-02-13T11:55:57","slug":"page-1-1","status":"publish","type":"page","link":"https:\/\/users.ijclab.in2p3.fr\/claire-marrache\/fr\/page-1\/page-1-1\/","title":{"rendered":"Transition Supraconducteur-Isolant"},"content":{"rendered":"\n\n\n<p>Mon activit\u00e9 principale concerne la compr\u00e9hension de la Transition Supraconducteur-Isolant. Nous menons une \u00e9tude approfondie de cette transition sur un syst\u00e8me mod\u00e8le, le NbSi en couches ultra-minces, \u00e0 tr\u00e8s basse temp\u00e9rature (&lt;100 mK). Le but est de mesurer les lois d\u2019\u00e9chelle qui r\u00e9gissent les Transitions de Phase Quantiques de ce syst\u00e8me, de sonder en d\u00e9tail les m\u00e9canismes mis en jeu ainsi que la nature microscopique (fermionique ou bosonique) des phases en pr\u00e9sence. Nous nous sommes en particulier attach\u00e9s \u00e0 qualifier les effets et la nature du d\u00e9sordre et avons montr\u00e9 l\u2019existence d\u2019une phase m\u00e9tallique exotique, non pr\u00e9vue par la th\u00e9orie dans ces films minces.<\/p>\n<p>Une collaboration avec Julien Delahaye et Thierry Grenet (Institut N\u00e9el, Grenoble) a par ailleurs permis de mettre en \u00e9vidence le comportement vitreux de ces syst\u00e8mes lorsqu\u2019ils sont tr\u00e8s isolants.<\/p>\n<p><i>Quelques publications associ\u00e9es\u00a0:<\/i><\/p>\n<ul class=\"spip\">\n<li><i><span style=\"color: blue\"> Overactivated transport in the localized phase of the superconductor-insulator transition <\/span><\/i>, V. Humbert, M.\u00a0Ort\u0169no, A. M.\u00a0Somoza, L. Berg\u00e9, L. Dumoulin, C. A Marrache-Kikuchi, <em>Nature Comm.<\/em>, <strong>12<\/strong>, 6733, 2021. <a class=\"spip_out\" href=\"https:\/\/arxiv.org\/abs\/2102.08642\" target=\"_blank\" rel=\"external noopener\"><strong><span style=\"color: red\">PDF<\/span><\/strong><\/a><\/li>\n<li><i><span style=\"color: blue\"> Electron glass effects in amorphous NbSi films<\/span><\/i>, J. Delahaye et al., <i>SciPost<\/i>, <strong>8<\/strong>, 56, 2020 <a class=\"spip_out\" href=\"https:\/\/arxiv.org\/abs\/2001.01437\" target=\"_blank\" rel=\"external noopener\"><strong><span style=\"color: red\">PDF<\/span><\/strong><\/a><\/li>\n<li><i><span style=\"color: blue\"> Dissipative phases across the superconductor-to-insulator transition<\/span><\/i>, F. Cou\u00ebdo, O. Crauste, A.A. Drillien, V. Humbert, L. Berg\u00e9, C.A. Marrache-Kikuchi, L. Dumoulin, <i>Scientific Report<\/i>, <strong>6<\/strong>, 35834, 2016 <a class=\"spip_out\" href=\"https:\/\/arxiv.org\/abs\/1611.00517\" target=\"_blank\" rel=\"external noopener\"><strong><span style=\"color: red\">PDF<\/span><\/strong><\/a><\/li>\n<li><i><span style=\"color: blue\"> Observation of thermally activated glassiness and memory dip in a-NbSi insulating thin films<\/span><\/i>, J. Delahaye, T. Grenet, C.A. Marrache-Kikuchi, A.A. Drillien, L. Berg\u00e9, <i>Europhys. Lett.<\/i>, <strong>106<\/strong>, 67006, 2014 <a class=\"spip_out\" href=\"https:\/\/hal.science\/hal-01015916\/document\" target=\"_blank\" rel=\"external noopener\"><strong><span style=\"color: red\">PDF<\/span><\/strong><\/a><\/li>\n<li><i><span style=\"color: blue\"> Destruction of superconductivity in disordered materials\u00a0: a dimensional crossover<\/span><\/i>, O. Crauste, F. Cou\u00ebdo, L. Berg\u00e9, C.A. Marrache-Kikuchi, L. Dumoulin, <i>Phys. Rev. B<\/i>, <strong>90<\/strong>, 060203, 2014 <a class=\"spip_out\" href=\"https:\/\/arxiv.org\/abs\/1408.3673\" target=\"_blank\" rel=\"external noopener\"><strong><span style=\"color: red\">PDF<\/span><\/strong><\/a><\/li>\n<li><i><span style=\"color: blue\"> Effect of annealing on the superconducting properties of a-NbSi thin films <\/span><\/i>, O. Crauste, A. Gentils, F. Cou\u00ebdo, Y. Dolgorouky, L. Berg\u00e9, S. Collin, C.A. Marrache-Kikuchi, L. Dumoulin, <i>PRB<\/i>, <strong>87<\/strong>, 144514, 2013 <a class=\"spip_out\" href=\"https:\/\/arxiv.org\/abs\/1304.4629\" target=\"_blank\" rel=\"external noopener\"><strong><span style=\"color: red\">PDF<\/span><\/strong><\/a><\/li>\n<li><i><span style=\"color: blue\">Thickness-tuned superconductor-insulator transitions under magnetic field in a-NbSi<\/span><\/i>, C.A. Marrache-Kikuchi, et al., <i>Phys. Rev. B<\/i>, <strong>78<\/strong>, 144520, 2008 <a class=\"spip_out\" href=\"https:\/\/arxiv.org\/abs\/0810.2321\" target=\"_blank\" rel=\"external noopener\"><strong><span style=\"color: red\">PDF<\/span><\/strong><\/a><\/li>\n<li><i><span style=\"color: blue\">Observation of the Nernst signal generated by fluctuating Cooper pairs<\/span><\/i>, A. Pourret, H. Aubin, J. Lesueur, et al., <i>Nat. Phys.<\/i>, <strong>2<\/strong>, 683-686, 2006 <a class=\"spip_out\" href=\"https:\/\/arxiv.org\/abs\/cond-mat\/0607587\" target=\"_blank\" rel=\"external noopener\"><strong><span style=\"color: red\">PDF<\/span><\/strong><\/a><\/li>\n<\/ul>\n","protected":false},"excerpt":{"rendered":"<p>Mon activit\u00e9 principale concerne la compr\u00e9hension de la Transition Supraconducteur-Isolant. Nous menons une \u00e9tude approfondie de cette transition sur un syst\u00e8me mod\u00e8le, le NbSi en couches ultra-minces, \u00e0 tr\u00e8s basse temp\u00e9rature (&lt;100 mK). Le but est de mesurer les lois &hellip; <a href=\"https:\/\/users.ijclab.in2p3.fr\/claire-marrache\/fr\/page-1\/page-1-1\/\">Continuer la lecture <span class=\"meta-nav\">&rarr;<\/span><\/a><\/p>\n","protected":false},"author":30,"featured_media":0,"parent":19,"menu_order":0,"comment_status":"closed","ping_status":"closed","template":"","meta":{"_acf_changed":false,"footnotes":""},"class_list":["post-21","page","type-page","status-publish","hentry"],"acf":[],"_links":{"self":[{"href":"https:\/\/users.ijclab.in2p3.fr\/claire-marrache\/wp-json\/wp\/v2\/pages\/21","targetHints":{"allow":["GET"]}}],"collection":[{"href":"https:\/\/users.ijclab.in2p3.fr\/claire-marrache\/wp-json\/wp\/v2\/pages"}],"about":[{"href":"https:\/\/users.ijclab.in2p3.fr\/claire-marrache\/wp-json\/wp\/v2\/types\/page"}],"author":[{"embeddable":true,"href":"https:\/\/users.ijclab.in2p3.fr\/claire-marrache\/wp-json\/wp\/v2\/users\/30"}],"replies":[{"embeddable":true,"href":"https:\/\/users.ijclab.in2p3.fr\/claire-marrache\/wp-json\/wp\/v2\/comments?post=21"}],"version-history":[{"count":14,"href":"https:\/\/users.ijclab.in2p3.fr\/claire-marrache\/wp-json\/wp\/v2\/pages\/21\/revisions"}],"predecessor-version":[{"id":446,"href":"https:\/\/users.ijclab.in2p3.fr\/claire-marrache\/wp-json\/wp\/v2\/pages\/21\/revisions\/446"}],"up":[{"embeddable":true,"href":"https:\/\/users.ijclab.in2p3.fr\/claire-marrache\/wp-json\/wp\/v2\/pages\/19"}],"wp:attachment":[{"href":"https:\/\/users.ijclab.in2p3.fr\/claire-marrache\/wp-json\/wp\/v2\/media?parent=21"}],"curies":[{"name":"wp","href":"https:\/\/api.w.org\/{rel}","templated":true}]}}