{"id":168,"date":"2021-04-07T08:46:45","date_gmt":"2021-04-07T08:46:45","guid":{"rendered":"https:\/\/users.ijclab.in2p3.fr\/claire-marrache\/?page_id=168"},"modified":"2023-02-13T11:15:13","modified_gmt":"2023-02-13T10:15:13","slug":"la-page-daccueil-de-mon-site","status":"publish","type":"page","link":"https:\/\/users.ijclab.in2p3.fr\/claire-marrache\/fr\/la-page-daccueil-de-mon-site\/","title":{"rendered":"Accueil"},"content":{"rendered":"\n<p>Ma\u00eetre de conf\u00e9rences \u00e0 l&rsquo;<a href=\"https:\/\/www.universite-paris-saclay.fr\/\">Universit\u00e9 Paris-Saclay<\/a><\/p>\n\n\n\n<div class=\"wp-block-columns is-layout-flex wp-container-core-columns-is-layout-9d6595d7 wp-block-columns-is-layout-flex\">\n<div class=\"wp-block-column is-layout-flow wp-block-column-is-layout-flow\" style=\"flex-basis:33.33%\">\n<figure class=\"wp-block-image size-large\"><img loading=\"lazy\" decoding=\"async\" width=\"723\" height=\"1024\" src=\"https:\/\/users.ijclab.in2p3.fr\/claire-marrache\/files\/2023\/02\/Photo_2020_3-1-723x1024.jpg\" alt=\"\" class=\"wp-image-424\" srcset=\"https:\/\/users.ijclab.in2p3.fr\/claire-marrache\/files\/2023\/02\/Photo_2020_3-1-723x1024.jpg 723w, https:\/\/users.ijclab.in2p3.fr\/claire-marrache\/files\/2023\/02\/Photo_2020_3-1-212x300.jpg 212w, https:\/\/users.ijclab.in2p3.fr\/claire-marrache\/files\/2023\/02\/Photo_2020_3-1-768x1088.jpg 768w, https:\/\/users.ijclab.in2p3.fr\/claire-marrache\/files\/2023\/02\/Photo_2020_3-1-1084x1536.jpg 1084w, https:\/\/users.ijclab.in2p3.fr\/claire-marrache\/files\/2023\/02\/Photo_2020_3-1-1446x2048.jpg 1446w, https:\/\/users.ijclab.in2p3.fr\/claire-marrache\/files\/2023\/02\/Photo_2020_3-1-scaled.jpg 1807w\" sizes=\"auto, (max-width: 723px) 100vw, 723px\" \/><\/figure>\n<\/div>\n\n\n\n<div class=\"wp-block-column is-layout-flow wp-block-column-is-layout-flow\" style=\"flex-basis:66.66%\">\n<p style=\"text-align: left\">IJCLab<br \/>B\u00e2t. 108<br \/>91405 Orsay Campus <br \/>France<br \/>T\u00e9l : 01 69 15 48 58<br \/>Email : claire.marrache[at]in2p3.fr<\/p>\n<\/div>\n<\/div>\n","protected":false},"excerpt":{"rendered":"<p>Ma\u00eetre de conf\u00e9rences \u00e0 l&rsquo;Universit\u00e9 Paris-Saclay IJCLabB\u00e2t. 10891405 Orsay Campus FranceT\u00e9l : 01 69 15 48 58Email : claire.marrache[at]in2p3.fr<\/p>\n","protected":false},"author":22,"featured_media":0,"parent":0,"menu_order":0,"comment_status":"closed","ping_status":"closed","template":"","meta":{"_acf_changed":false,"footnotes":""},"class_list":["post-168","page","type-page","status-publish","hentry"],"acf":[],"_links":{"self":[{"href":"https:\/\/users.ijclab.in2p3.fr\/claire-marrache\/wp-json\/wp\/v2\/pages\/168","targetHints":{"allow":["GET"]}}],"collection":[{"href":"https:\/\/users.ijclab.in2p3.fr\/claire-marrache\/wp-json\/wp\/v2\/pages"}],"about":[{"href":"https:\/\/users.ijclab.in2p3.fr\/claire-marrache\/wp-json\/wp\/v2\/types\/page"}],"author":[{"embeddable":true,"href":"https:\/\/users.ijclab.in2p3.fr\/claire-marrache\/wp-json\/wp\/v2\/users\/22"}],"replies":[{"embeddable":true,"href":"https:\/\/users.ijclab.in2p3.fr\/claire-marrache\/wp-json\/wp\/v2\/comments?post=168"}],"version-history":[{"count":6,"href":"https:\/\/users.ijclab.in2p3.fr\/claire-marrache\/wp-json\/wp\/v2\/pages\/168\/revisions"}],"predecessor-version":[{"id":425,"href":"https:\/\/users.ijclab.in2p3.fr\/claire-marrache\/wp-json\/wp\/v2\/pages\/168\/revisions\/425"}],"wp:attachment":[{"href":"https:\/\/users.ijclab.in2p3.fr\/claire-marrache\/wp-json\/wp\/v2\/media?parent=168"}],"curies":[{"name":"wp","href":"https:\/\/api.w.org\/{rel}","templated":true}]}}