{"id":306,"date":"2022-01-21T14:53:40","date_gmt":"2022-01-21T14:53:40","guid":{"rendered":"https:\/\/users.ijclab.in2p3.fr\/achille-stocchi\/?page_id=306"},"modified":"2022-02-28T12:58:27","modified_gmt":"2022-02-28T12:58:27","slug":"responsabilites","status":"publish","type":"page","link":"https:\/\/users.ijclab.in2p3.fr\/achille-stocchi\/responsabilites\/","title":{"rendered":"Responsabilit\u00e9s"},"content":{"rendered":"\n<div class=\"entry-content\">\n<h5><strong>Responsabilit\u00e9s pr\u00e9sentes et pass\u00e9es de coordination scientifique et de direction<\/strong><\/h5>\n<h5>A pr\u00e9sent\u00a0:<\/h5>\n<ul>\n<li>Directeur d&rsquo;IJCLab (Laboratoire de la Physique de Deux Infinis &#8211; Ir\u00e8ne Joliot-Curie) (2020-)\u00a0 [720 agents chercheurs et personnels technique]<\/li>\n<li>Coordinateur du projet \u00ab Refondation P2IO Vall\u00e9e\u00bb dans la phase d\u2019approbation et a chef de projet et le r\u00e9f\u00e8rent scientifique pour la r\u00e9alisation du projet : CPER 2015-2021) et CPER 2021-2026.<\/li>\n<li>Membre du r\u00e9seau des 8 grands laboratoires de physique des hautes \u00e9nergies en Europe et membre du groupe en charge de la d\u00e9finition de la strat\u00e9gie de la physique des particules aupr\u00e8s du Conseil du CERN.<\/li>\n<li>Membre \u00e9tranger \u00e9lu de l\u2019Acad\u00e9mie des Sciences d&rsquo;Ukraine<\/li>\n<li>Codirecteur de l\u2019\u00c9cole de Physique de Hautes \u00c9nergies TES-HEP (2007-). Ukraine<\/li>\n<li>Codirecteur de l\u2019\u00c9cole de Physique WISHEPP (2016-). Palestine<\/li>\n<li>Responsable Scientifique de la Collaboration PERLE@Orsay.<\/li>\n<\/ul>\n<h5>Dans le pass\u00e9\u00a0:<\/h5>\n<ul>\n<li>Directeur du LAL (Laboratoire de l\u2019Acc\u00e9l\u00e9rateur Lin\u00e9aire) (2011-2018)\u00a0\u00a0 [300 agents chercheurs et ITA]<\/li>\n<li><em>Dans la collaboration DELPHI [environ 500 physiciens] <\/em>: Deputy Spokesman (2001-2007) , Physics Coordinator (2001-2004), coordinateur de la physique du B (1999-2001), Responsable des publications (2001-2005)\u00a0; Responsable du groupe LAL (2001-2005)<\/li>\n<li><em>Dans la collaboration BaBar [environ 500 physiciens] <\/em>: Responsable du groupe BaBar au LAL (2006-2010)<\/li>\n<li><em>Dans la collaboration SuperB\u00a0[environ 200 physiciens] : <\/em>Responsable au LAL et au niveau France du groupe SuperB (2007-2012)\u00a0; Coordinateur du programme de physique de SuperB (2007-2013)\u00a0; Responsable du groupe de d\u00e9finition de la g\u00e9om\u00e9trie du d\u00e9tecteur SuperB (2009-2013)<\/li>\n<li>Responsable du groupe UA9 au LAL [7 chercherus\/ITA]<\/li>\n<li>Membre du comit\u00e9 d\u2019\u00e9valuation de la recherche en Ukraine et co-porteur du LIA avec l\u2019Ukraine<\/li>\n<li>Coordinateur de plusieurs workshops et conf\u00e9rences (EPS, ICHEP, CKM\u2026)<\/li>\n<li>Directeur du Master 2 NPAC (Noyaux Particules Astroparticules et Cosmologie) (2005-2013)<\/li>\n<li>Codirecteur (et correspondant pour l\u2019Universit\u00e9 Paris Sud) de l\u2019Ecole Doctorale PNC (Particules Noyaux et Cosmos) (2009-2012)<\/li>\n<\/ul>\n<\/div>\n","protected":false},"excerpt":{"rendered":"<p>Responsabilit\u00e9s pr\u00e9sentes et pass\u00e9es de coordination scientifique et de direction A pr\u00e9sent\u00a0: Directeur d&rsquo;IJCLab (Laboratoire de la Physique de Deux Infinis &#8211; Ir\u00e8ne Joliot-Curie) (2020-)\u00a0 [720 agents chercheurs et personnels technique] Coordinateur du projet \u00ab Refondation P2IO Vall\u00e9e\u00bb dans la phase d\u2019approbation et a chef de projet et le r\u00e9f\u00e8rent scientifique pour la r\u00e9alisation du &hellip; <\/p>\n<p><a class=\"more-link btn\" href=\"https:\/\/users.ijclab.in2p3.fr\/achille-stocchi\/responsabilites\/\">Lire la suite<\/a><\/p>\n","protected":false},"author":11,"featured_media":0,"parent":0,"menu_order":0,"comment_status":"closed","ping_status":"closed","template":"","meta":{"_acf_changed":false,"footnotes":""},"class_list":["post-306","page","type-page","status-publish","hentry","nodate","item-wrap"],"acf":[],"_links":{"self":[{"href":"https:\/\/users.ijclab.in2p3.fr\/achille-stocchi\/wp-json\/wp\/v2\/pages\/306","targetHints":{"allow":["GET"]}}],"collection":[{"href":"https:\/\/users.ijclab.in2p3.fr\/achille-stocchi\/wp-json\/wp\/v2\/pages"}],"about":[{"href":"https:\/\/users.ijclab.in2p3.fr\/achille-stocchi\/wp-json\/wp\/v2\/types\/page"}],"author":[{"embeddable":true,"href":"https:\/\/users.ijclab.in2p3.fr\/achille-stocchi\/wp-json\/wp\/v2\/users\/11"}],"replies":[{"embeddable":true,"href":"https:\/\/users.ijclab.in2p3.fr\/achille-stocchi\/wp-json\/wp\/v2\/comments?post=306"}],"version-history":[{"count":5,"href":"https:\/\/users.ijclab.in2p3.fr\/achille-stocchi\/wp-json\/wp\/v2\/pages\/306\/revisions"}],"predecessor-version":[{"id":342,"href":"https:\/\/users.ijclab.in2p3.fr\/achille-stocchi\/wp-json\/wp\/v2\/pages\/306\/revisions\/342"}],"wp:attachment":[{"href":"https:\/\/users.ijclab.in2p3.fr\/achille-stocchi\/wp-json\/wp\/v2\/media?parent=306"}],"curies":[{"name":"wp","href":"https:\/\/api.w.org\/{rel}","templated":true}]}}