{"id":168,"date":"2021-04-07T08:46:45","date_gmt":"2021-04-07T08:46:45","guid":{"rendered":"https:\/\/users.ijclab.in2p3.fr\/achille-stocchi\/?page_id=168"},"modified":"2022-06-15T20:17:37","modified_gmt":"2022-06-15T20:17:37","slug":"la-page-daccueil-de-mon-site","status":"publish","type":"page","link":"https:\/\/users.ijclab.in2p3.fr\/achille-stocchi\/","title":{"rendered":"Quelques mots"},"content":{"rendered":"\n<p style=\"text-align: justify\">Je suis n\u00e9 \u00e0 Venise le 21 avril 1963. Form\u00e9 \u00e0 Milan, j&rsquo;ai effectu\u00e9\u00a0 j\u2019ai effectu\u00e9 mon doctorat en France (LAL-Orsay\/Universit\u00e9 Paris Sud) et int\u00e9gr\u00e9 le CNRS\u00a0 en 1993. Je suis Professeur \u00e0 l&rsquo;Universit\u00e9 Paris-Saclay. Directeur du<a href=\"https:\/\/fr.wikipedia.org\/wiki\/Laboratoire_de_l%27acc%C3%A9l%C3%A9rateur_lin%C3%A9aire\"> LAL<\/a> depuis de 2011 \u00e0 fin 2018 et je suis directeur d\u2019 <a href=\"https:\/\/www.ijclab.in2p3.fr\/\">IJCLab<\/a> depuis sa cr\u00e9ation en Janvier 2020.<\/p>\n<div style=\"width: 180px\" class=\"wp-caption alignleft\"><img loading=\"lazy\" decoding=\"async\" class=\"\" src=\"https:\/\/users.ijclab.in2p3.fr\/achille-stocchi\/files\/2021\/12\/Achille-stocchi-ijclab-cnrs-1221-195x300-1.jpg\" alt=\"L\u2019attribut alt de cette image est vide, son nom de fichier est Achille-stocchi-ijclab-cnrs-1221-195x300-1.jpg.\" width=\"180\" height=\"277\" \/><p class=\"wp-caption-text\"><span style=\"font-size: 12pt\"><em>Professeur \u00e0 Paris-Saclay, Chercheur en physique de particules, Directeur d&rsquo;<a href=\"https:\/\/www.ijclab.in2p3.fr\/\">IJCLab<\/a><\/em><\/span><\/p><\/div>\n<p style=\"padding-left: 40px;text-align: justify\">J\u2019ai travaill\u00e9 sur plusieurs exp\u00e9riences (hardware, simulation et analyse des donn\u00e9es) aupr\u00e8s des acc\u00e9l\u00e9rateurs de particules au <a href=\"https:\/\/home.cern\/\">CERN<\/a> (Suisse), \u00e0 <a href=\"https:\/\/www6.slac.stanford.edu\/about\/slac-overview\">SLAC<\/a> (USA) et \u00e0 <a href=\"http:\/\/w3.lnf.infn.it\/\">LNF-Frascati<\/a> (Italie) en dirigeant des groupes de travail ou en occupant des positions de direction dans les exp\u00e9riences. J\u2019ai sign\u00e9 les papiers des exp\u00e9riences <a href=\"https:\/\/home.cern\/science\/experiments\/delphi\">DELPHI<\/a>, <a href=\"https:\/\/babar.heprc.uvic.ca\/\">BaBar<\/a>, SuperB, <a href=\"https:\/\/home.cern\/science\/experiments\/ua9\">UA9<\/a> and some in <a href=\"https:\/\/home.cern\/fr\/science\/experiments\/lhcb\">LHCb<\/a> (plus de 1000) et environ une cinquantaine de papiers de recherche ou de revue soit individuels ou en petit groupe sur les d\u00e9tecteurs, les analyses de donn\u00e9es et la ph\u00e9nom\u00e9nologie (en fondant entre autre la Collaboration <a href=\"https:\/\/home.cern\/science\/experiments\/ua9\">UTFit<\/a>). Je travaille actuellement dans la Collaboration PERLE.<\/p>\n<p style=\"text-align: justify\">J\u2019ai souvent pr\u00e9sent\u00e9 les r\u00e9sultats de mes\/nos travaux dans environ une trentaine des conf\u00e9rences et dans un peu plus de cinquante s\u00e9minaires. Je fais partie de plusieurs comit\u00e9s de conseil et\/ou de pilotage de projets internationaux. J\u2019ai cr\u00e9\u00e9 le worskhop biannuel CKM en 2002. J\u2019ai dirig\u00e9 huit th\u00e8ses et encadr\u00e9 des post doctorants.<\/p>\n<p style=\"text-align: justify\">Je suis professeur \u00e0 l&rsquo;Universit\u00e9 Paris-Saclay (j&rsquo;enseigne \u00e9galement \u00e0 l&rsquo;\u00e9tranger Italie, Espagne), j&rsquo;ai particip\u00e9 \u00e0 la cr\u00e9ation et j&rsquo;ai dirig\u00e9 pendent 10 ans le Master (NPAC). J&rsquo;ai co-cr\u00e9e et je co-dirige les \u00e9coles annuelles<a href=\"_wp_link_placeholder\" data-wplink-edit=\"true\"> TESHEP<\/a> en Ukraine (2007) <a href=\"https:\/\/wishepp2019.ijclab.in2p3.fr\/\">WISHEPP<\/a>(2016) en Palestine.<\/p>\n<p style=\"text-align: justify\">Je suis\u00a0 \u00e9diteur de la revue JHEP (60 articles\/an),\u00a0 membre de conseils scientifiques (Italie, Suisse, Royaume Unis, Allemagne), de comit\u00e9s d&rsquo;\u00e9valuation de projets\/positions et \u00e9valuateur pour le minist\u00e8re italien. Depuis 2021 je suis \u00e9lu \u00e0 l\u2019Acad\u00e9mie des Sciences d\u2019Ukraine.<\/p>\n\n\n<div class=\"entry-content\" style=\"text-align: justify\">&nbsp;<\/div>\n\n\n<div class=\"wp-block-columns is-layout-flex wp-container-core-columns-is-layout-9d6595d7 wp-block-columns-is-layout-flex\">\n<div class=\"wp-block-column is-layout-flow wp-block-column-is-layout-flow\" style=\"flex-basis:33.33%\"><\/div>\n<\/div>\n\n\n","protected":false},"excerpt":{"rendered":"<p>Je suis n\u00e9 \u00e0 Venise le 21 avril 1963. Form\u00e9 \u00e0 Milan, j&rsquo;ai effectu\u00e9\u00a0 j\u2019ai effectu\u00e9 mon doctorat en France (LAL-Orsay\/Universit\u00e9 Paris Sud) et int\u00e9gr\u00e9 le CNRS\u00a0 en 1993. Je suis Professeur \u00e0 l&rsquo;Universit\u00e9 Paris-Saclay. Directeur du LAL depuis de 2011 \u00e0 fin 2018 et je suis directeur d\u2019 IJCLab depuis sa cr\u00e9ation en Janvier &hellip; <\/p>\n<p><a class=\"more-link btn\" href=\"https:\/\/users.ijclab.in2p3.fr\/achille-stocchi\/\">Lire la suite<\/a><\/p>\n","protected":false},"author":22,"featured_media":0,"parent":0,"menu_order":0,"comment_status":"closed","ping_status":"closed","template":"","meta":{"_acf_changed":false,"footnotes":""},"class_list":["post-168","page","type-page","status-publish","hentry","nodate","item-wrap"],"acf":[],"_links":{"self":[{"href":"https:\/\/users.ijclab.in2p3.fr\/achille-stocchi\/wp-json\/wp\/v2\/pages\/168","targetHints":{"allow":["GET"]}}],"collection":[{"href":"https:\/\/users.ijclab.in2p3.fr\/achille-stocchi\/wp-json\/wp\/v2\/pages"}],"about":[{"href":"https:\/\/users.ijclab.in2p3.fr\/achille-stocchi\/wp-json\/wp\/v2\/types\/page"}],"author":[{"embeddable":true,"href":"https:\/\/users.ijclab.in2p3.fr\/achille-stocchi\/wp-json\/wp\/v2\/users\/22"}],"replies":[{"embeddable":true,"href":"https:\/\/users.ijclab.in2p3.fr\/achille-stocchi\/wp-json\/wp\/v2\/comments?post=168"}],"version-history":[{"count":63,"href":"https:\/\/users.ijclab.in2p3.fr\/achille-stocchi\/wp-json\/wp\/v2\/pages\/168\/revisions"}],"predecessor-version":[{"id":444,"href":"https:\/\/users.ijclab.in2p3.fr\/achille-stocchi\/wp-json\/wp\/v2\/pages\/168\/revisions\/444"}],"wp:attachment":[{"href":"https:\/\/users.ijclab.in2p3.fr\/achille-stocchi\/wp-json\/wp\/v2\/media?parent=168"}],"curies":[{"name":"wp","href":"https:\/\/api.w.org\/{rel}","templated":true}]}}